{"id":7079,"date":"2022-02-09T12:12:50","date_gmt":"2022-02-09T15:12:50","guid":{"rendered":"https:\/\/gilbertocampelo.com.br\/vendas\/?post_type=product&#038;p=7079"},"modified":"2023-03-07T20:44:34","modified_gmt":"2023-03-07T23:44:34","slug":"semec-curso-ead-de-portugues-matematica-conhecimentos-pedagogicos-didatica","status":"publish","type":"product","link":"https:\/\/gilbertocampelo.com.br\/vendas\/produto\/semec-curso-ead-de-portugues-matematica-conhecimentos-pedagogicos-didatica\/","title":{"rendered":"Curso EAD de Portugu\u00eas + Matem\u00e1tica + Conhecimentos Pedag\u00f3gicos \/ Did\u00e1tica"},"content":{"rendered":"","protected":false},"excerpt":{"rendered":"","protected":false},"featured_media":0,"template":"","meta":[],"product_brand":[],"product_cat":[22],"product_tag":[],"class_list":{"0":"post-7079","1":"product","2":"type-product","3":"status-publish","5":"product_cat-cursos-on-line","7":"first","8":"instock","9":"virtual","10":"taxable","11":"purchasable","12":"product-type-simple"},"jetpack_sharing_enabled":true,"_links":{"self":[{"href":"https:\/\/gilbertocampelo.com.br\/vendas\/wp-json\/wp\/v2\/product\/7079","targetHints":{"allow":["GET"]}}],"collection":[{"href":"https:\/\/gilbertocampelo.com.br\/vendas\/wp-json\/wp\/v2\/product"}],"about":[{"href":"https:\/\/gilbertocampelo.com.br\/vendas\/wp-json\/wp\/v2\/types\/product"}],"wp:attachment":[{"href":"https:\/\/gilbertocampelo.com.br\/vendas\/wp-json\/wp\/v2\/media?parent=7079"}],"wp:term":[{"taxonomy":"product_brand","embeddable":true,"href":"https:\/\/gilbertocampelo.com.br\/vendas\/wp-json\/wp\/v2\/product_brand?post=7079"},{"taxonomy":"product_cat","embeddable":true,"href":"https:\/\/gilbertocampelo.com.br\/vendas\/wp-json\/wp\/v2\/product_cat?post=7079"},{"taxonomy":"product_tag","embeddable":true,"href":"https:\/\/gilbertocampelo.com.br\/vendas\/wp-json\/wp\/v2\/product_tag?post=7079"}],"curies":[{"name":"wp","href":"https:\/\/api.w.org\/{rel}","templated":true}]}}