{"id":17561,"date":"2024-04-11T12:45:05","date_gmt":"2024-04-11T15:45:05","guid":{"rendered":"https:\/\/gilbertocampelo.com.br\/vendas\/?post_type=product&#038;p=17561"},"modified":"2024-04-14T12:41:47","modified_gmt":"2024-04-14T15:41:47","slug":"pre-fms-tec-administracao-completo-ead","status":"publish","type":"product","link":"https:\/\/gilbertocampelo.com.br\/vendas\/produto\/pre-fms-tec-administracao-completo-ead\/","title":{"rendered":"Pr\u00e9-FMS | T\u00c9C. ADMINISTRA\u00c7\u00c3O COMPLETO EAD"},"content":{"rendered":"<p>PR\u00c9-FMS \/ T\u00c9CNICO ADMINISTRA\u00c7\u00c3O N\u00cdVEL M\u00c9DIO (COMPLETO)<br \/>\n\ud83c\udfafIn\u00edcio: 22 \/ 04 &#8211; Dura\u00e7\u00e3o: 7 semanas<\/p>\n<p>\ud83d\udccdESPEC\u00cdFICO NO S\u00c1BADO \u00c0 TARDE, DAS 14H20 \u00c0S 18H.<\/p>\n<p>DISCIPLINAS B\u00c1SICAS: PORTUGU\u00caS, RACIOC\u00cdNIO L\u00d3GICO, LEGISLA\u00c7\u00c3O DO SUS, ESTATUTO DOS SERVIDORES P\u00daBLICOS E REDA\u00c7\u00c3O.<\/p>\n<p>4 DIAS DE AULAS, ENTRE SEGUNDA E SEXTA<br \/>\n\u25a0 Op\u00e7\u00e3o 1: manh\u00e3 &#8211; das 7h50 \u00e0s 11h30<br \/>\n\u25a0 Op\u00e7\u00e3o 2: tarde &#8211; das 14h20 \u00e0s 18h<br \/>\n\u25a0 Op\u00e7\u00e3o 3: noite &#8211; das 18h50 \u00e0s 21h50<\/p>\n<p>\ud83d\udcb0Investimento:<br \/>\n&#8211; CURSO ON-LINE \/ EAD &#8211; as aulas ao vivo no turno da noite (das 18h50 \u00e0s 21h50) ficam gravadas na plataforma para o aluno assistir quando puder e quantas vezes quiser at\u00e9 a v\u00e9spera da prova. Material did\u00e1tico com conte\u00fado e quest\u00f5es em PDF na plataforma.<br \/>\n&#8211;<br \/>\n&#8211; Investimento: R$ 400,00 \u00e0 vista ou R$ 442,82 em 6 X R$ 72,80 no cart\u00e3o, sem entrada.<\/p>\n","protected":false},"excerpt":{"rendered":"<p>PR\u00c9-FMS \/ T\u00c9CNICO ADMINISTRA\u00c7\u00c3O N\u00cdVEL M\u00c9DIO (COMPLETO) \ud83c\udfafIn\u00edcio: 22 \/ 04 &#8211; Dura\u00e7\u00e3o: 7 semanas \ud83d\udccdESPEC\u00cdFICO NO S\u00c1BADO \u00c0 TARDE, DAS 14H20 \u00c0S 18H. DISCIPLINAS B\u00c1SICAS: PORTUGU\u00caS, RACIOC\u00cdNIO L\u00d3GICO, LEGISLA\u00c7\u00c3O DO SUS, ESTATUTO DOS SERVIDORES P\u00daBLICOS E REDA\u00c7\u00c3O. 4 DIAS DE AULAS, ENTRE SEGUNDA E SEXTA \u25a0 Op\u00e7\u00e3o 1: manh\u00e3 &#8211; das 7h50 \u00e0s 11h30 [&hellip;]<\/p>\n","protected":false},"featured_media":0,"template":"","meta":[],"product_brand":[],"product_cat":[16],"product_tag":[],"class_list":{"0":"post-17561","1":"product","2":"type-product","3":"status-publish","5":"product_cat-sem-categoria","7":"first","8":"instock","9":"virtual","10":"sold-individually","11":"taxable","12":"purchasable","13":"product-type-simple"},"jetpack_sharing_enabled":true,"_links":{"self":[{"href":"https:\/\/gilbertocampelo.com.br\/vendas\/wp-json\/wp\/v2\/product\/17561","targetHints":{"allow":["GET"]}}],"collection":[{"href":"https:\/\/gilbertocampelo.com.br\/vendas\/wp-json\/wp\/v2\/product"}],"about":[{"href":"https:\/\/gilbertocampelo.com.br\/vendas\/wp-json\/wp\/v2\/types\/product"}],"wp:attachment":[{"href":"https:\/\/gilbertocampelo.com.br\/vendas\/wp-json\/wp\/v2\/media?parent=17561"}],"wp:term":[{"taxonomy":"product_brand","embeddable":true,"href":"https:\/\/gilbertocampelo.com.br\/vendas\/wp-json\/wp\/v2\/product_brand?post=17561"},{"taxonomy":"product_cat","embeddable":true,"href":"https:\/\/gilbertocampelo.com.br\/vendas\/wp-json\/wp\/v2\/product_cat?post=17561"},{"taxonomy":"product_tag","embeddable":true,"href":"https:\/\/gilbertocampelo.com.br\/vendas\/wp-json\/wp\/v2\/product_tag?post=17561"}],"curies":[{"name":"wp","href":"https:\/\/api.w.org\/{rel}","templated":true}]}}