{"id":17556,"date":"2024-04-11T12:41:49","date_gmt":"2024-04-11T15:41:49","guid":{"rendered":"https:\/\/gilbertocampelo.com.br\/vendas\/?post_type=product&#038;p=17556"},"modified":"2024-05-18T15:26:04","modified_gmt":"2024-05-18T18:26:04","slug":"pre-fms-tec-enfermagem-completo-ead","status":"publish","type":"product","link":"https:\/\/gilbertocampelo.com.br\/vendas\/produto\/pre-fms-tec-enfermagem-completo-ead\/","title":{"rendered":"Pr\u00e9-FMS | Tec Enfermagem completo EAD"},"content":{"rendered":"<p>Curso P\u00f3s edital 2024<\/p>\n<p>PR\u00c9-FMS \/ T\u00c9CNICO EM ENFERMAGEM (COMPLETO)<br \/>\n\ud83c\udfafIn\u00edcio: 22\/04\/2024 &#8211; Dura\u00e7\u00e3o: 7 semanas<\/p>\n<p>\ud83d\udccdESPEC\u00cdFICO + DISCIPLINAS B\u00c1SICAS: PORTUGU\u00caS, RACIOC\u00cdNIO L\u00d3GICO, LEGISLA\u00c7\u00c3O DO SUS, ESTATUTO DOS SERVIDORES P\u00daBLICOS E REDA\u00c7\u00c3O.<\/p>\n<p>AULAS DE SEGUNDA A SEXTA<br \/>\n&#8211; Noite &#8211; das 18h50 \u00e0s 21h50<\/p>\n<p>\ud83d\udcb0Investimento:<br \/>\n&#8211; CURSO ON-LINE \/ EAD &#8211; as aulas ao vivo no turno da noite (das 18h50 \u00e0s 21h50) ficam gravadas na plataforma para o aluno assistir quando puder e quantas vezes quiser at\u00e9 a v\u00e9spera da prova. Material did\u00e1tico com conte\u00fado e quest\u00f5es em PDF na plataforma.<br \/>\n&#8211;<br \/>\n&#8211; Investimento: R$ 400,00 \u00e0 vista ou R$ 442,82 em 6 X R$ 72,80 no cart\u00e3o, sem entrada.<\/p>\n","protected":false},"excerpt":{"rendered":"<p>Curso P\u00f3s edital 2024<br \/>\n\ud83c\udfafIn\u00edcio: 22\/04\/2024 &#8211; Dura\u00e7\u00e3o: 7 semanas<\/p>\n<p>\ud83d\udccdESPEC\u00cdFICO + DISCIPLINAS B\u00c1SICAS: PORTUGU\u00caS, RACIOC\u00cdNIO L\u00d3GICO, LEGISLA\u00c7\u00c3O DO SUS, ESTATUTO DOS SERVIDORES P\u00daBLICOS E REDA\u00c7\u00c3O.<\/p>\n<p>AULAS DE SEGUNDA A SEXTA<br \/>\n&#8211; Noite &#8211; das 18h50 \u00e0s 21h50<\/p>\n","protected":false},"featured_media":0,"template":"","meta":[],"product_brand":[],"product_cat":[22],"product_tag":[],"class_list":{"0":"post-17556","1":"product","2":"type-product","3":"status-publish","5":"product_cat-cursos-on-line","7":"first","8":"instock","9":"sale","10":"virtual","11":"sold-individually","12":"taxable","13":"purchasable","14":"product-type-simple"},"jetpack_sharing_enabled":true,"_links":{"self":[{"href":"https:\/\/gilbertocampelo.com.br\/vendas\/wp-json\/wp\/v2\/product\/17556","targetHints":{"allow":["GET"]}}],"collection":[{"href":"https:\/\/gilbertocampelo.com.br\/vendas\/wp-json\/wp\/v2\/product"}],"about":[{"href":"https:\/\/gilbertocampelo.com.br\/vendas\/wp-json\/wp\/v2\/types\/product"}],"wp:attachment":[{"href":"https:\/\/gilbertocampelo.com.br\/vendas\/wp-json\/wp\/v2\/media?parent=17556"}],"wp:term":[{"taxonomy":"product_brand","embeddable":true,"href":"https:\/\/gilbertocampelo.com.br\/vendas\/wp-json\/wp\/v2\/product_brand?post=17556"},{"taxonomy":"product_cat","embeddable":true,"href":"https:\/\/gilbertocampelo.com.br\/vendas\/wp-json\/wp\/v2\/product_cat?post=17556"},{"taxonomy":"product_tag","embeddable":true,"href":"https:\/\/gilbertocampelo.com.br\/vendas\/wp-json\/wp\/v2\/product_tag?post=17556"}],"curies":[{"name":"wp","href":"https:\/\/api.w.org\/{rel}","templated":true}]}}