{"id":15607,"date":"2024-02-15T22:18:51","date_gmt":"2024-02-16T01:18:51","guid":{"rendered":"https:\/\/gilbertocampelo.com.br\/vendas\/?post_type=product&#038;p=15607"},"modified":"2024-02-15T22:32:27","modified_gmt":"2024-02-16T01:32:27","slug":"pre-semec-ead-disciplinas-basicas","status":"publish","type":"product","link":"https:\/\/gilbertocampelo.com.br\/vendas\/produto\/pre-semec-ead-disciplinas-basicas\/","title":{"rendered":"PR\u00c9-SEMEC EAD \u2013 DISCIPLINAS B\u00c1SICAS (PORT\/RAC. LOGI\/RED)"},"content":{"rendered":"<p>\ud83d\udccd DISCIPLINAS B\u00c1SICAS: PORTUGU\u00caS, RACIOC\u00cdNIO L\u00d3GICO E REDA\u00c7\u00c3O<\/p>\n","protected":false},"excerpt":{"rendered":"<p>\ud83d\udccd DISCIPLINAS B\u00c1SICAS: PORTUGU\u00caS, RACIOC\u00cdNIO L\u00d3GICO E REDA\u00c7\u00c3O<\/p>\n","protected":false},"featured_media":15535,"template":"","meta":[],"product_brand":[],"product_cat":[22],"product_tag":[],"class_list":{"0":"post-15607","1":"product","2":"type-product","3":"status-publish","4":"has-post-thumbnail","6":"product_cat-cursos-on-line","8":"first","9":"instock","10":"virtual","11":"sold-individually","12":"taxable","13":"purchasable","14":"product-type-simple"},"jetpack_sharing_enabled":true,"_links":{"self":[{"href":"https:\/\/gilbertocampelo.com.br\/vendas\/wp-json\/wp\/v2\/product\/15607","targetHints":{"allow":["GET"]}}],"collection":[{"href":"https:\/\/gilbertocampelo.com.br\/vendas\/wp-json\/wp\/v2\/product"}],"about":[{"href":"https:\/\/gilbertocampelo.com.br\/vendas\/wp-json\/wp\/v2\/types\/product"}],"wp:featuredmedia":[{"embeddable":true,"href":"https:\/\/gilbertocampelo.com.br\/vendas\/wp-json\/wp\/v2\/media\/15535"}],"wp:attachment":[{"href":"https:\/\/gilbertocampelo.com.br\/vendas\/wp-json\/wp\/v2\/media?parent=15607"}],"wp:term":[{"taxonomy":"product_brand","embeddable":true,"href":"https:\/\/gilbertocampelo.com.br\/vendas\/wp-json\/wp\/v2\/product_brand?post=15607"},{"taxonomy":"product_cat","embeddable":true,"href":"https:\/\/gilbertocampelo.com.br\/vendas\/wp-json\/wp\/v2\/product_cat?post=15607"},{"taxonomy":"product_tag","embeddable":true,"href":"https:\/\/gilbertocampelo.com.br\/vendas\/wp-json\/wp\/v2\/product_tag?post=15607"}],"curies":[{"name":"wp","href":"https:\/\/api.w.org\/{rel}","templated":true}]}}