{"id":15606,"date":"2024-02-15T22:16:24","date_gmt":"2024-02-16T01:16:24","guid":{"rendered":"https:\/\/gilbertocampelo.com.br\/vendas\/?post_type=product&#038;p=15606"},"modified":"2024-02-15T22:50:22","modified_gmt":"2024-02-16T01:50:22","slug":"pre-semec-ead-especifico-auxiliar-educacional-nivel-medio","status":"publish","type":"product","link":"https:\/\/gilbertocampelo.com.br\/vendas\/produto\/pre-semec-ead-especifico-auxiliar-educacional-nivel-medio\/","title":{"rendered":"PR\u00c9-SEMEC EAD &#8211; ESPECIFICO AUXILIAR EDUCACIONAL (N\u00cdVEL M\u00c9DIO)"},"content":{"rendered":"<p>\ud83d\udccd A disciplina espec\u00edfica AUXILIAR EDUCACIONAL: ser\u00e1 ministrada aos s\u00e1bados, das 14h20 \u00e0s 18h (completando o 3\u00b0 dia na semana)<\/p>\n","protected":false},"excerpt":{"rendered":"<p>PROFESSOR (2\u00b0 ciclo) DISCIPLINAS B\u00c1SICAS<\/p>\n","protected":false},"featured_media":15535,"template":"","meta":[],"product_brand":[],"product_cat":[22],"product_tag":[],"class_list":{"0":"post-15606","1":"product","2":"type-product","3":"status-publish","4":"has-post-thumbnail","6":"product_cat-cursos-on-line","8":"first","9":"instock","10":"virtual","11":"sold-individually","12":"taxable","13":"purchasable","14":"product-type-simple"},"jetpack_sharing_enabled":true,"_links":{"self":[{"href":"https:\/\/gilbertocampelo.com.br\/vendas\/wp-json\/wp\/v2\/product\/15606","targetHints":{"allow":["GET"]}}],"collection":[{"href":"https:\/\/gilbertocampelo.com.br\/vendas\/wp-json\/wp\/v2\/product"}],"about":[{"href":"https:\/\/gilbertocampelo.com.br\/vendas\/wp-json\/wp\/v2\/types\/product"}],"wp:featuredmedia":[{"embeddable":true,"href":"https:\/\/gilbertocampelo.com.br\/vendas\/wp-json\/wp\/v2\/media\/15535"}],"wp:attachment":[{"href":"https:\/\/gilbertocampelo.com.br\/vendas\/wp-json\/wp\/v2\/media?parent=15606"}],"wp:term":[{"taxonomy":"product_brand","embeddable":true,"href":"https:\/\/gilbertocampelo.com.br\/vendas\/wp-json\/wp\/v2\/product_brand?post=15606"},{"taxonomy":"product_cat","embeddable":true,"href":"https:\/\/gilbertocampelo.com.br\/vendas\/wp-json\/wp\/v2\/product_cat?post=15606"},{"taxonomy":"product_tag","embeddable":true,"href":"https:\/\/gilbertocampelo.com.br\/vendas\/wp-json\/wp\/v2\/product_tag?post=15606"}],"curies":[{"name":"wp","href":"https:\/\/api.w.org\/{rel}","templated":true}]}}