{"id":15319,"date":"2024-01-17T17:10:42","date_gmt":"2024-01-17T20:10:42","guid":{"rendered":"https:\/\/gilbertocampelo.com.br\/vendas\/?post_type=product&#038;p=15319"},"modified":"2024-03-07T12:38:29","modified_gmt":"2024-03-07T15:38:29","slug":"pre-pppi-policia-penal-do-piaui","status":"publish","type":"product","link":"https:\/\/gilbertocampelo.com.br\/vendas\/produto\/pre-pppi-policia-penal-do-piaui\/","title":{"rendered":"PR\u00c9-PPPI (Pol\u00edcia Penal do Piau\u00ed)"},"content":{"rendered":"<p>\u25aa\ufe0fCURSO EAD: \ud83d\udcb0  R$ 320,00 \u00e0 vista ou parcelado em at\u00e9 6x de R$ 60,61 no cart\u00e3o &#8211; sem entrada.<\/p>\n<p>EAD &#8211; O aluno ter\u00e1   acesso \u00e0s  aulas gravadas na plataforma para assistir na hora que quiser e quantas vezes puder, at\u00e9 o dia da prova.<\/p>\n<p>Turno Noite: das 18:50 \u00e0s 21:50 e aos s\u00e1bados das 14:20 \u00e0s 18:00h.<\/p>\n","protected":false},"excerpt":{"rendered":"<p>\u25aa\ufe0fCURSO EAD: \ud83d\udcb0 R$ 320,00 \u00e0 vista ou parcelado em at\u00e9 6x de R$ 60,61 no cart\u00e3o &#8211; sem entrada. EAD &#8211; O aluno ter\u00e1 acesso \u00e0s aulas gravadas na plataforma para assistir na hora que quiser e quantas vezes puder, at\u00e9 o dia da prova. Turno Noite: das 18:50 \u00e0s 21:50 e aos s\u00e1bados [&hellip;]<\/p>\n","protected":false},"featured_media":0,"template":"","meta":[],"product_brand":[],"product_cat":[22],"product_tag":[],"class_list":{"0":"post-15319","1":"product","2":"type-product","3":"status-publish","5":"product_cat-cursos-on-line","7":"first","8":"instock","9":"virtual","10":"sold-individually","11":"taxable","12":"purchasable","13":"product-type-simple"},"jetpack_sharing_enabled":true,"_links":{"self":[{"href":"https:\/\/gilbertocampelo.com.br\/vendas\/wp-json\/wp\/v2\/product\/15319","targetHints":{"allow":["GET"]}}],"collection":[{"href":"https:\/\/gilbertocampelo.com.br\/vendas\/wp-json\/wp\/v2\/product"}],"about":[{"href":"https:\/\/gilbertocampelo.com.br\/vendas\/wp-json\/wp\/v2\/types\/product"}],"wp:attachment":[{"href":"https:\/\/gilbertocampelo.com.br\/vendas\/wp-json\/wp\/v2\/media?parent=15319"}],"wp:term":[{"taxonomy":"product_brand","embeddable":true,"href":"https:\/\/gilbertocampelo.com.br\/vendas\/wp-json\/wp\/v2\/product_brand?post=15319"},{"taxonomy":"product_cat","embeddable":true,"href":"https:\/\/gilbertocampelo.com.br\/vendas\/wp-json\/wp\/v2\/product_cat?post=15319"},{"taxonomy":"product_tag","embeddable":true,"href":"https:\/\/gilbertocampelo.com.br\/vendas\/wp-json\/wp\/v2\/product_tag?post=15319"}],"curies":[{"name":"wp","href":"https:\/\/api.w.org\/{rel}","templated":true}]}}