{"id":15194,"date":"2024-01-05T20:13:03","date_gmt":"2024-01-05T23:13:03","guid":{"rendered":"https:\/\/gilbertocampelo.com.br\/vendas\/?post_type=product&#038;p=15194"},"modified":"2024-01-13T00:01:14","modified_gmt":"2024-01-13T03:01:14","slug":"revisao-assesortecnicoalepi-ead-on-line","status":"publish","type":"product","link":"https:\/\/gilbertocampelo.com.br\/vendas\/produto\/revisao-assesortecnicoalepi-ead-on-line\/","title":{"rendered":"REVIS\u00c3O ASSESSOR T\u00c9CNICO ALEPI &#8211; EAD \/ On-Line"},"content":{"rendered":"<p>REVIS\u00c3O DE V\u00c9SPERA PARA A ALEPI \ud83d\udccc<br \/>\nData: 13 de janeiro de 2024 (S\u00e1bado)<\/p>\n<p>das 13h \u00e0s 18h40 &#8211; ASSESSOR T\u00c9CNICO LEGISLATIVO ADMINISTRATIVO (todas as disciplinas b\u00e1sicas + administra\u00e7\u00e3o)<\/p>\n<p>ON-LINE: R$ 20,00 ( antecipado); R$ 25,00 ( no dia do evento).<\/p>\n","protected":false},"excerpt":{"rendered":"<p>REVIS\u00c3O DE V\u00c9SPERA PARA A ALEPI \ud83d\udccc Data: 13 de janeiro de 2024 (S\u00e1bado) das 13h \u00e0s 18h40 &#8211; ASSESSOR T\u00c9CNICO LEGISLATIVO ADMINISTRATIVO (todas as disciplinas b\u00e1sicas + administra\u00e7\u00e3o) ON-LINE: R$ 20,00 ( antecipado); R$ 25,00 ( no dia do evento).<\/p>\n","protected":false},"featured_media":0,"template":"","meta":[],"product_brand":[],"product_cat":[22],"product_tag":[],"class_list":{"0":"post-15194","1":"product","2":"type-product","3":"status-publish","5":"product_cat-cursos-on-line","7":"first","8":"instock","9":"virtual","10":"sold-individually","11":"taxable","12":"purchasable","13":"product-type-simple"},"jetpack_sharing_enabled":true,"_links":{"self":[{"href":"https:\/\/gilbertocampelo.com.br\/vendas\/wp-json\/wp\/v2\/product\/15194","targetHints":{"allow":["GET"]}}],"collection":[{"href":"https:\/\/gilbertocampelo.com.br\/vendas\/wp-json\/wp\/v2\/product"}],"about":[{"href":"https:\/\/gilbertocampelo.com.br\/vendas\/wp-json\/wp\/v2\/types\/product"}],"wp:attachment":[{"href":"https:\/\/gilbertocampelo.com.br\/vendas\/wp-json\/wp\/v2\/media?parent=15194"}],"wp:term":[{"taxonomy":"product_brand","embeddable":true,"href":"https:\/\/gilbertocampelo.com.br\/vendas\/wp-json\/wp\/v2\/product_brand?post=15194"},{"taxonomy":"product_cat","embeddable":true,"href":"https:\/\/gilbertocampelo.com.br\/vendas\/wp-json\/wp\/v2\/product_cat?post=15194"},{"taxonomy":"product_tag","embeddable":true,"href":"https:\/\/gilbertocampelo.com.br\/vendas\/wp-json\/wp\/v2\/product_tag?post=15194"}],"curies":[{"name":"wp","href":"https:\/\/api.w.org\/{rel}","templated":true}]}}