{"id":15191,"date":"2024-01-05T20:10:03","date_gmt":"2024-01-05T23:10:03","guid":{"rendered":"https:\/\/gilbertocampelo.com.br\/vendas\/?post_type=product&#038;p=15191"},"modified":"2024-01-13T00:01:14","modified_gmt":"2024-01-13T03:01:14","slug":"revisao-disciplinas-basicas-medio-e-superior-alepi-ead-on-line","status":"publish","type":"product","link":"https:\/\/gilbertocampelo.com.br\/vendas\/produto\/revisao-disciplinas-basicas-medio-e-superior-alepi-ead-on-line\/","title":{"rendered":"REVIS\u00c3O DISCIPLINAS B\u00c1SICAS \/ M\u00c9DIO E SUPERIOR  ALEPI &#8211; EAD \/ On-Line"},"content":{"rendered":"<p>REVIS\u00c3O DE V\u00c9SPERA PARA A ALEPI \ud83d\udccc<br \/>\nData: 13 de janeiro de 2024 (S\u00e1bado)<\/p>\n<p>DISCIPLINAS B\u00c1SICAS COMUNS TODOS OS CARGOS \/ M\u00c9DIO E SUPERIOR: Portugu\u00eas, Hist\u00f3ria do Piau\u00ed, Literatura do Piau\u00ed, Geografia do Piau\u00ed, Legisla\u00e7\u00e3o Institucional e Constitui\u00e7\u00e3o do Piau\u00ed.<\/p>\n<p>ON-LINE: R$ 20,00 ( antecipado); R$ 25,00 ( no dia do evento).<br \/>\nInscri\u00e7\u00f5es pelo link:<\/p>\n","protected":false},"excerpt":{"rendered":"<p>REVIS\u00c3O DE V\u00c9SPERA PARA A ALEPI \ud83d\udccc Data: 13 de janeiro de 2024 (S\u00e1bado) DISCIPLINAS B\u00c1SICAS COMUNS TODOS OS CARGOS \/ M\u00c9DIO E SUPERIOR: Portugu\u00eas, Hist\u00f3ria do Piau\u00ed, Literatura do Piau\u00ed, Geografia do Piau\u00ed, Legisla\u00e7\u00e3o Institucional e Constitui\u00e7\u00e3o do Piau\u00ed. ON-LINE: R$ 20,00 ( antecipado); R$ 25,00 ( no dia do evento). Inscri\u00e7\u00f5es pelo link:<\/p>\n","protected":false},"featured_media":0,"template":"","meta":[],"product_brand":[],"product_cat":[22],"product_tag":[],"class_list":{"0":"post-15191","1":"product","2":"type-product","3":"status-publish","5":"product_cat-cursos-on-line","7":"first","8":"instock","9":"virtual","10":"sold-individually","11":"taxable","12":"purchasable","13":"product-type-simple"},"jetpack_sharing_enabled":true,"_links":{"self":[{"href":"https:\/\/gilbertocampelo.com.br\/vendas\/wp-json\/wp\/v2\/product\/15191","targetHints":{"allow":["GET"]}}],"collection":[{"href":"https:\/\/gilbertocampelo.com.br\/vendas\/wp-json\/wp\/v2\/product"}],"about":[{"href":"https:\/\/gilbertocampelo.com.br\/vendas\/wp-json\/wp\/v2\/types\/product"}],"wp:attachment":[{"href":"https:\/\/gilbertocampelo.com.br\/vendas\/wp-json\/wp\/v2\/media?parent=15191"}],"wp:term":[{"taxonomy":"product_brand","embeddable":true,"href":"https:\/\/gilbertocampelo.com.br\/vendas\/wp-json\/wp\/v2\/product_brand?post=15191"},{"taxonomy":"product_cat","embeddable":true,"href":"https:\/\/gilbertocampelo.com.br\/vendas\/wp-json\/wp\/v2\/product_cat?post=15191"},{"taxonomy":"product_tag","embeddable":true,"href":"https:\/\/gilbertocampelo.com.br\/vendas\/wp-json\/wp\/v2\/product_tag?post=15191"}],"curies":[{"name":"wp","href":"https:\/\/api.w.org\/{rel}","templated":true}]}}