{"id":15184,"date":"2024-01-04T19:29:19","date_gmt":"2024-01-04T22:29:19","guid":{"rendered":"https:\/\/gilbertocampelo.com.br\/vendas\/?post_type=product&#038;p=15184"},"modified":"2024-02-21T22:55:05","modified_gmt":"2024-02-22T01:55:05","slug":"pre-bnb-banco-do-nordeste","status":"publish","type":"product","link":"https:\/\/gilbertocampelo.com.br\/vendas\/produto\/pre-bnb-banco-do-nordeste\/","title":{"rendered":"PR\u00c9-BNB (BANCO DO NORDESTE) EAD"},"content":{"rendered":"<p>PR\u00c9-BNB (BANCO DO NORDESTE)<br \/>\nPROMO\u00c7\u00c3O PR\u00c9-EDITAL<\/p>\n<p>In\u00edcio das turmas: uma semana ap\u00f3s o edital publicado. Segundo a banca CESGRANRIO, o edital ser\u00e1 publicado at\u00e9 30\/01 (prazo m\u00e1ximo), mas pode ser antecipado.<\/p>\n<p>Antecipe sua matr\u00edcula com super desconto:<br \/>\n-Noite, das 18h50 \u00e0s 21h50.<\/p>\n<p>\u25aaCURSO ON-LINE \/ EAD- O aluno ter\u00e1 aulas gravadas para assistir quando puder e quantas vezes quiser. Mas tamb\u00e9m ter\u00e1 acesso \u00e0s aulas ao vivo no turno da noite.<\/p>\n<p>&nbsp;<\/p>\n","protected":false},"excerpt":{"rendered":"<p>PR\u00c9-BNB (BANCO DO NORDESTE) PROMO\u00c7\u00c3O PR\u00c9-EDITAL In\u00edcio das turmas: uma semana ap\u00f3s o edital publicado. Segundo a banca CESGRANRIO, o edital ser\u00e1 publicado at\u00e9 30\/01 (prazo m\u00e1ximo), mas pode ser antecipado. Antecipe sua matr\u00edcula com super desconto: -Noite, das 18h50 \u00e0s 21h50. \u25aaCURSO ON-LINE \/ EAD- O aluno ter\u00e1 aulas gravadas para assistir quando puder [&hellip;]<\/p>\n","protected":false},"featured_media":0,"template":"","meta":[],"product_brand":[],"product_cat":[22],"product_tag":[],"class_list":{"0":"post-15184","1":"product","2":"type-product","3":"status-publish","5":"product_cat-cursos-on-line","7":"first","8":"instock","9":"virtual","10":"sold-individually","11":"taxable","12":"purchasable","13":"product-type-simple"},"jetpack_sharing_enabled":true,"_links":{"self":[{"href":"https:\/\/gilbertocampelo.com.br\/vendas\/wp-json\/wp\/v2\/product\/15184","targetHints":{"allow":["GET"]}}],"collection":[{"href":"https:\/\/gilbertocampelo.com.br\/vendas\/wp-json\/wp\/v2\/product"}],"about":[{"href":"https:\/\/gilbertocampelo.com.br\/vendas\/wp-json\/wp\/v2\/types\/product"}],"wp:attachment":[{"href":"https:\/\/gilbertocampelo.com.br\/vendas\/wp-json\/wp\/v2\/media?parent=15184"}],"wp:term":[{"taxonomy":"product_brand","embeddable":true,"href":"https:\/\/gilbertocampelo.com.br\/vendas\/wp-json\/wp\/v2\/product_brand?post=15184"},{"taxonomy":"product_cat","embeddable":true,"href":"https:\/\/gilbertocampelo.com.br\/vendas\/wp-json\/wp\/v2\/product_cat?post=15184"},{"taxonomy":"product_tag","embeddable":true,"href":"https:\/\/gilbertocampelo.com.br\/vendas\/wp-json\/wp\/v2\/product_tag?post=15184"}],"curies":[{"name":"wp","href":"https:\/\/api.w.org\/{rel}","templated":true}]}}