{"id":15182,"date":"2024-01-04T19:24:32","date_gmt":"2024-01-04T22:24:32","guid":{"rendered":"https:\/\/gilbertocampelo.com.br\/vendas\/?post_type=product&#038;p=15182"},"modified":"2024-01-04T19:33:32","modified_gmt":"2024-01-04T22:33:32","slug":"pre-cnu-concurso-nacional-unificado-ead","status":"publish","type":"product","link":"https:\/\/gilbertocampelo.com.br\/vendas\/produto\/pre-cnu-concurso-nacional-unificado-ead\/","title":{"rendered":"PR\u00c9-CNU (CONCURSO NACIONAL UNIFICADO) EAD"},"content":{"rendered":"","protected":false},"excerpt":{"rendered":"<p>PR\u00c9-CNU \/ CONCURSO NACIONAL UNIFICADO PROMO\u00c7\u00c3O PR\u00c9-EDITAL<\/p>\n<p>In\u00edcio das turmas: uma semana ap\u00f3s o edital publicado. Segundo a banca CEBRASPE, o edital ser\u00e1 publicado 10\/01\/24<\/p>\n<p>Antecipe sua matr\u00edcula com super desconto:<br \/>\nCurso ead de 8 semanas: Aulas de segunda a sexta, de todas as disciplinas.<br \/>\n-Noite, das 18h50 \u00e0s 21h50.<\/p>\n<p>\u25aaCURSO ON-LINE \/ EAD: de \u274cR$ 300,00 por \u2705 R$ 250,00 \u00e0 vista ou R$ 319,98 parcelado em 6x de R$ 53,33 no cart\u00e3o.<br \/>\nON-LINE \/ EAD &#8211; O aluno ter\u00e1 aulas gravadas para assistir quando puder e quantas vezes quiser. Mas tamb\u00e9m ter\u00e1 acesso \u00e0s aulas ao vivo no turno da noite.<\/p>\n","protected":false},"featured_media":0,"template":"","meta":[],"product_brand":[],"product_cat":[22],"product_tag":[],"class_list":{"0":"post-15182","1":"product","2":"type-product","3":"status-publish","5":"product_cat-cursos-on-line","7":"first","8":"instock","9":"virtual","10":"sold-individually","11":"taxable","12":"purchasable","13":"product-type-simple"},"jetpack_sharing_enabled":true,"_links":{"self":[{"href":"https:\/\/gilbertocampelo.com.br\/vendas\/wp-json\/wp\/v2\/product\/15182","targetHints":{"allow":["GET"]}}],"collection":[{"href":"https:\/\/gilbertocampelo.com.br\/vendas\/wp-json\/wp\/v2\/product"}],"about":[{"href":"https:\/\/gilbertocampelo.com.br\/vendas\/wp-json\/wp\/v2\/types\/product"}],"wp:attachment":[{"href":"https:\/\/gilbertocampelo.com.br\/vendas\/wp-json\/wp\/v2\/media?parent=15182"}],"wp:term":[{"taxonomy":"product_brand","embeddable":true,"href":"https:\/\/gilbertocampelo.com.br\/vendas\/wp-json\/wp\/v2\/product_brand?post=15182"},{"taxonomy":"product_cat","embeddable":true,"href":"https:\/\/gilbertocampelo.com.br\/vendas\/wp-json\/wp\/v2\/product_cat?post=15182"},{"taxonomy":"product_tag","embeddable":true,"href":"https:\/\/gilbertocampelo.com.br\/vendas\/wp-json\/wp\/v2\/product_tag?post=15182"}],"curies":[{"name":"wp","href":"https:\/\/api.w.org\/{rel}","templated":true}]}}