{"id":14684,"date":"2023-10-15T10:45:16","date_gmt":"2023-10-15T13:45:16","guid":{"rendered":"https:\/\/gilbertocampelo.com.br\/vendas\/?post_type=product&#038;p=14684"},"modified":"2023-10-21T19:38:16","modified_gmt":"2023-10-21T22:38:16","slug":"pre-alepi-opcao-01","status":"publish","type":"product","link":"https:\/\/gilbertocampelo.com.br\/vendas\/produto\/pre-alepi-opcao-01\/","title":{"rendered":"Pr\u00e9-ALEPI OP\u00c7\u00c3O 01 &#8211; (DISCIPLINAS B\u00c1SICAS M\u00c9DIO\/SUPERIOR)"},"content":{"rendered":"<p>&#8211; Portugu\u00eas, Racioc\u00ednio L\u00f3gico Matem\u00e1tico, Hist\u00f3ria do Piau\u00ed, Geografia do Piau\u00ed, Literatura do Piau\u00ed, Legisla\u00e7\u00e3o Institucional e Constitui\u00e7\u00e3o do Estado do Piaui.<br \/>\n\u23f1 Turno: tarde, das 14h20 \u00e0s18h ( 4 dias na semana). ou Turno Noite, das 18h50 \u00e0s 21h50 (4 dias na semana).<br \/>\n\ud83d\udcb0 Investimento:<br \/>\n&#8211; ON-LINE\/EAD: R$ 280,00 \u00e0 vista<\/p>\n","protected":false},"excerpt":{"rendered":"<p>&#8211; Portugu\u00eas, Racioc\u00ednio L\u00f3gico Matem\u00e1tico, Hist\u00f3ria do Piau\u00ed, Geografia do Piau\u00ed, Literatura do Piau\u00ed, Legisla\u00e7\u00e3o Institucional e Constitui\u00e7\u00e3o do Estado do Piaui. \u23f1 Turno: tarde, das 14h20 \u00e0s18h ( 4 dias na semana). ou Turno Noite, das 18h50 \u00e0s 21h50 (4 dias na semana). \ud83d\udcb0 Investimento: &#8211; ON-LINE\/EAD: R$ 280,00 \u00e0 vista<\/p>\n","protected":false},"featured_media":14717,"template":"","meta":[],"product_brand":[],"product_cat":[22],"product_tag":[],"class_list":{"0":"post-14684","1":"product","2":"type-product","3":"status-publish","4":"has-post-thumbnail","6":"product_cat-cursos-on-line","8":"first","9":"instock","10":"virtual","11":"sold-individually","12":"taxable","13":"purchasable","14":"product-type-simple"},"jetpack_sharing_enabled":true,"_links":{"self":[{"href":"https:\/\/gilbertocampelo.com.br\/vendas\/wp-json\/wp\/v2\/product\/14684","targetHints":{"allow":["GET"]}}],"collection":[{"href":"https:\/\/gilbertocampelo.com.br\/vendas\/wp-json\/wp\/v2\/product"}],"about":[{"href":"https:\/\/gilbertocampelo.com.br\/vendas\/wp-json\/wp\/v2\/types\/product"}],"wp:featuredmedia":[{"embeddable":true,"href":"https:\/\/gilbertocampelo.com.br\/vendas\/wp-json\/wp\/v2\/media\/14717"}],"wp:attachment":[{"href":"https:\/\/gilbertocampelo.com.br\/vendas\/wp-json\/wp\/v2\/media?parent=14684"}],"wp:term":[{"taxonomy":"product_brand","embeddable":true,"href":"https:\/\/gilbertocampelo.com.br\/vendas\/wp-json\/wp\/v2\/product_brand?post=14684"},{"taxonomy":"product_cat","embeddable":true,"href":"https:\/\/gilbertocampelo.com.br\/vendas\/wp-json\/wp\/v2\/product_cat?post=14684"},{"taxonomy":"product_tag","embeddable":true,"href":"https:\/\/gilbertocampelo.com.br\/vendas\/wp-json\/wp\/v2\/product_tag?post=14684"}],"curies":[{"name":"wp","href":"https:\/\/api.w.org\/{rel}","templated":true}]}}