{"id":14683,"date":"2023-10-15T10:44:25","date_gmt":"2023-10-15T13:44:25","guid":{"rendered":"https:\/\/gilbertocampelo.com.br\/vendas\/?post_type=product&#038;p=14683"},"modified":"2023-10-21T19:37:43","modified_gmt":"2023-10-21T22:37:43","slug":"pre-alepi-opcao-02-assessor-tecnico-legislativo-administrativo-nivel-medio","status":"publish","type":"product","link":"https:\/\/gilbertocampelo.com.br\/vendas\/produto\/pre-alepi-opcao-02-assessor-tecnico-legislativo-administrativo-nivel-medio\/","title":{"rendered":"Pr\u00e9-ALEPI OP\u00c7\u00c3O 02: ASSESSOR T\u00c9CNICO LEGISLATIVO ADMINISTRATIVO (N\u00cdVEL M\u00c9DIO)"},"content":{"rendered":"<p>&#8211; Portugu\u00eas, Racioc\u00ednio L\u00f3gico Matem\u00e1tico, Hist\u00f3ria do Piau\u00ed, Geografia do Piau\u00ed, Literatura do Piau\u00ed, Legisla\u00e7\u00e3o Institucional, Constitui\u00e7\u00e3o do Estado do Piaui e Administra\u00e7\u00e3o P\u00fablica (espec\u00edfico).<br \/>\n\u23f1 Turno: Tarde, das 14h20 \u00e0s18h (de segunda a sexta). ou Turno Noite, das 18h50 \u00e0s 21h50 (de segunda a sexta).<br \/>\n\ud83d\udcb0 Investimento:<br \/>\n&#8211; ON-LINE\/EAD: R$ 300,00 \u00e0 vista ou em at\u00e9 6 vezes no cart\u00e3o.<\/p>\n","protected":false},"excerpt":{"rendered":"<p>&#8211; Portugu\u00eas, Racioc\u00ednio L\u00f3gico Matem\u00e1tico, Hist\u00f3ria do Piau\u00ed, Geografia do Piau\u00ed, Literatura do Piau\u00ed, Legisla\u00e7\u00e3o Institucional, Constitui\u00e7\u00e3o do Estado do Piaui e Administra\u00e7\u00e3o P\u00fablica (espec\u00edfico). \u23f1 Turno: Tarde, das 14h20 \u00e0s18h (de segunda a sexta). ou Turno Noite, das 18h50 \u00e0s 21h50 (de segunda a sexta). \ud83d\udcb0 Investimento: &#8211; ON-LINE\/EAD: R$ 300,00 \u00e0 vista ou [&hellip;]<\/p>\n","protected":false},"featured_media":14717,"template":"","meta":[],"product_brand":[],"product_cat":[22],"product_tag":[],"class_list":{"0":"post-14683","1":"product","2":"type-product","3":"status-publish","4":"has-post-thumbnail","6":"product_cat-cursos-on-line","8":"first","9":"instock","10":"virtual","11":"sold-individually","12":"taxable","13":"purchasable","14":"product-type-simple"},"jetpack_sharing_enabled":true,"_links":{"self":[{"href":"https:\/\/gilbertocampelo.com.br\/vendas\/wp-json\/wp\/v2\/product\/14683","targetHints":{"allow":["GET"]}}],"collection":[{"href":"https:\/\/gilbertocampelo.com.br\/vendas\/wp-json\/wp\/v2\/product"}],"about":[{"href":"https:\/\/gilbertocampelo.com.br\/vendas\/wp-json\/wp\/v2\/types\/product"}],"wp:featuredmedia":[{"embeddable":true,"href":"https:\/\/gilbertocampelo.com.br\/vendas\/wp-json\/wp\/v2\/media\/14717"}],"wp:attachment":[{"href":"https:\/\/gilbertocampelo.com.br\/vendas\/wp-json\/wp\/v2\/media?parent=14683"}],"wp:term":[{"taxonomy":"product_brand","embeddable":true,"href":"https:\/\/gilbertocampelo.com.br\/vendas\/wp-json\/wp\/v2\/product_brand?post=14683"},{"taxonomy":"product_cat","embeddable":true,"href":"https:\/\/gilbertocampelo.com.br\/vendas\/wp-json\/wp\/v2\/product_cat?post=14683"},{"taxonomy":"product_tag","embeddable":true,"href":"https:\/\/gilbertocampelo.com.br\/vendas\/wp-json\/wp\/v2\/product_tag?post=14683"}],"curies":[{"name":"wp","href":"https:\/\/api.w.org\/{rel}","templated":true}]}}