{"id":587,"date":"2021-02-23T10:27:34","date_gmt":"2021-02-23T13:27:34","guid":{"rendered":"https:\/\/gilbertocampelo.com.br\/vendas\/?page_id=587"},"modified":"2021-02-23T10:28:12","modified_gmt":"2021-02-23T13:28:12","slug":"politica-de-reembolso","status":"publish","type":"page","link":"https:\/\/gilbertocampelo.com.br\/vendas\/politica-de-reembolso\/","title":{"rendered":"Pol\u00edtica de Reembolso"},"content":{"rendered":"\t\t<div data-elementor-type=\"wp-page\" data-elementor-id=\"587\" class=\"elementor elementor-587\" data-elementor-post-type=\"page\">\n\t\t\t\t\t\t<section class=\"elementor-section elementor-top-section elementor-element elementor-element-845c003 elementor-section-boxed elementor-section-height-default elementor-section-height-default\" data-id=\"845c003\" data-element_type=\"section\">\n\t\t\t\t\t\t<div class=\"elementor-container elementor-column-gap-default\">\n\t\t\t\t\t<div class=\"elementor-column elementor-col-100 elementor-top-column elementor-element elementor-element-a31c447\" data-id=\"a31c447\" data-element_type=\"column\">\n\t\t\t<div class=\"elementor-widget-wrap elementor-element-populated\">\n\t\t\t\t\t\t<div class=\"elementor-element elementor-element-00e8af9 elementor-widget elementor-widget-text-editor\" data-id=\"00e8af9\" data-element_type=\"widget\" data-widget_type=\"text-editor.default\">\n\t\t\t\t<div class=\"elementor-widget-container\">\n\t\t\t\t\t\t\t\t\t<p><span style=\"color: #000000;\">Como prezamos a sua satisfa\u00e7\u00e3o, todos os cursos\u00a0eleg\u00edveis\u00a0comprados no Col\u00e9gio Gilberto Campelo poder\u00e3o ser reembolsados no prazo de 07 dias. Seja qual for o motivo, se voc\u00ea estiver insatisfeito com um curso, poder\u00e1 solicitar um reembolso.<\/span><\/p><p><span style=\"color: #000000;\">No entanto, algumas restri\u00e7\u00f5es podem ser aplicadas e algumas compras podem ser eleg\u00edveis somente para reembolsos de cr\u00e9dito. Para obter mais informa\u00e7\u00f5es sobre nossa pol\u00edtica de reembolso, veja abaixo.<\/span><\/p><p><span style=\"color: #000000;\"><strong><u>Como enviar uma solicita\u00e7\u00e3o de reembolso<\/u><\/strong><\/span><\/p><p><span style=\"color: #000000;\">Se voc\u00ea estiver procurando informa\u00e7\u00f5es sobre como enviar uma solicita\u00e7\u00e3o de reembolso, basta enviar um e-mail para <a style=\"color: #000000;\" href=\"mailto:contato@estudoflix.com.br\">contato@gilbertocampelo.com.br<\/a>, informando nome completo, curso adquirido, cpf e motivo do cancelamento. Com o assunto do e-mail sendo \u201ccancelamento de curso\u201d.\u00a0<\/span><\/p><p><span style=\"color: #000000;\"><strong><u>Outros\u00a0motivos para reembolsos negados<\/u><\/strong><\/span><\/p><p><span style=\"color: #000000;\">Reservamos o direito, a nosso crit\u00e9rio exclusivo, de limitar ou recusar solicita\u00e7\u00f5es se acreditarmos que h\u00e1 um abuso de reembolso, incluindo, entre outros, o seguinte:<\/span><\/p><ul><li><span style=\"color: #000000;\">Se uma parte consider\u00e1vel do curso foi consumida ou baixada pelo aluno antes da solicita\u00e7\u00e3o de reembolso ser efetuada.<\/span><\/li><li><span style=\"color: #000000;\">Se o aluno solicitar v\u00e1rios reembolsos para o mesmo curso.<\/span><\/li><li><span style=\"color: #000000;\">Se o aluno solicitar reembolsos em excesso.<\/span><\/li><\/ul><p><span style=\"color: #000000;\">Os alunos cujas contas foram banidas ou cujo acesso ao curso foi desativado devido a uma viola\u00e7\u00e3o dos nossos\u00a0<u>Termos<\/u>\u00a0n\u00e3o ser\u00e3o eleg\u00edveis para reembolso. N\u00e3o concedemos reembolsos para servi\u00e7os de assinatura.\u00a0<\/span><\/p><p><span style=\"color: #000000;\">Essas restri\u00e7\u00f5es de reembolso ser\u00e3o aplicadas no limite permitido pela lei aplic\u00e1vel.\u00a0<\/span><\/p><p><span style=\"color: #000000;\"><strong><u>Reembolsos\u00a0apenas\u00a0de cr\u00e9dito<\/u><\/strong><\/span><\/p><p><span style=\"color: #000000;\">Quando uma transa\u00e7\u00e3o n\u00e3o for eleg\u00edvel para reembolso em dinheiro, o reembolso ser\u00e1 concedido usando\u00a0<u>cr\u00e9ditos do Col\u00e9gio Gilberto Campelo<\/u>, desde que atenda \u00e0 nossa pol\u00edtica de reembolso em 07 dias.\u00a0<\/span><\/p><p><span style=\"color: #000000;\">Se a compra do curso for eleg\u00edvel apenas para reembolso de cr\u00e9dito, isso estar\u00e1 indicado na p\u00e1gina de reembolso.<\/span><\/p><p><span style=\"color: #000000;\"><strong><u>Tipos de compra que s\u00e3o eleg\u00edveis apenas para reembolsos de cr\u00e9dito<\/u><\/strong><\/span><\/p><p><span style=\"color: #000000;\"><strong>Transfer\u00eancias banc\u00e1rias e pagamento em dinheiro:<\/strong>\u00a0alguns m\u00e9todos de transfer\u00eancia banc\u00e1ria e pagamento em dinheiro s\u00e3o eleg\u00edveis apenas para reembolsos de cr\u00e9dito.<\/span><\/p><p><span style=\"color: #000000;\"><strong>Boleto banc\u00e1rio:<\/strong>\u00a0os cursos adquiridos usando\u00a0<u>boleto banc\u00e1rio<\/u>\u00a0s\u00e3o eleg\u00edveis apenas para reembolsos de cr\u00e9dito.<\/span><\/p><p><span style=\"color: #000000;\"><strong>Cr\u00e9ditos do Col\u00e9gio Gilberto Campelo<\/strong>: cr\u00e9ditos fornecidos, pelo Col\u00e9gio Gilberto Campelo n\u00e3o poder\u00e3o ser devolvidos de forma alguma de forma monet\u00e1ria, apenas concedido se plaus\u00edvel outro cr\u00e9dito para usos no Col\u00e9gio Gilberto Campelo.<\/span><\/p>\t\t\t\t\t\t\t\t<\/div>\n\t\t\t\t<\/div>\n\t\t\t\t\t<\/div>\n\t\t<\/div>\n\t\t\t\t\t<\/div>\n\t\t<\/section>\n\t\t\t\t<\/div>\n\t\t","protected":false},"excerpt":{"rendered":"<p>Como prezamos a sua satisfa\u00e7\u00e3o, todos os cursos\u00a0eleg\u00edveis\u00a0comprados no Col\u00e9gio Gilberto Campelo poder\u00e3o ser reembolsados no prazo de 07 dias. Seja qual for o motivo, se voc\u00ea estiver insatisfeito com um curso, poder\u00e1 solicitar um reembolso. No entanto, algumas restri\u00e7\u00f5es podem ser aplicadas e algumas compras podem ser eleg\u00edveis somente para reembolsos de cr\u00e9dito. Para [&hellip;]<\/p>\n","protected":false},"author":1,"featured_media":0,"parent":0,"menu_order":0,"comment_status":"closed","ping_status":"closed","template":"","meta":{"footnotes":""},"class_list":["post-587","page","type-page","status-publish","hentry"],"jetpack_sharing_enabled":true,"_links":{"self":[{"href":"https:\/\/gilbertocampelo.com.br\/vendas\/wp-json\/wp\/v2\/pages\/587","targetHints":{"allow":["GET"]}}],"collection":[{"href":"https:\/\/gilbertocampelo.com.br\/vendas\/wp-json\/wp\/v2\/pages"}],"about":[{"href":"https:\/\/gilbertocampelo.com.br\/vendas\/wp-json\/wp\/v2\/types\/page"}],"author":[{"embeddable":true,"href":"https:\/\/gilbertocampelo.com.br\/vendas\/wp-json\/wp\/v2\/users\/1"}],"replies":[{"embeddable":true,"href":"https:\/\/gilbertocampelo.com.br\/vendas\/wp-json\/wp\/v2\/comments?post=587"}],"version-history":[{"count":0,"href":"https:\/\/gilbertocampelo.com.br\/vendas\/wp-json\/wp\/v2\/pages\/587\/revisions"}],"wp:attachment":[{"href":"https:\/\/gilbertocampelo.com.br\/vendas\/wp-json\/wp\/v2\/media?parent=587"}],"curies":[{"name":"wp","href":"https:\/\/api.w.org\/{rel}","templated":true}]}}