{"id":5,"date":"2021-01-18T08:44:40","date_gmt":"2021-01-18T11:44:40","guid":{"rendered":"https:\/\/gilbertocampelo.com.br\/vendas\/?page_id=3"},"modified":"2021-01-19T15:02:07","modified_gmt":"2021-01-19T18:02:07","slug":"politica-de-privacidade","status":"publish","type":"page","link":"https:\/\/gilbertocampelo.com.br\/vendas\/politica-de-privacidade\/","title":{"rendered":"Pol\u00edtica de privacidade"},"content":{"rendered":"\t\t<div data-elementor-type=\"wp-page\" data-elementor-id=\"5\" class=\"elementor elementor-5\" data-elementor-post-type=\"page\">\n\t\t\t\t\t\t<section class=\"elementor-section elementor-top-section elementor-element elementor-element-173f612 elementor-section-boxed elementor-section-height-default elementor-section-height-default\" data-id=\"173f612\" data-element_type=\"section\">\n\t\t\t\t\t\t<div class=\"elementor-container elementor-column-gap-default\">\n\t\t\t\t\t<div class=\"elementor-column elementor-col-100 elementor-top-column elementor-element elementor-element-b46ee0d\" data-id=\"b46ee0d\" data-element_type=\"column\">\n\t\t\t<div class=\"elementor-widget-wrap elementor-element-populated\">\n\t\t\t\t\t\t<div class=\"elementor-element elementor-element-2a75491 elementor-widget elementor-widget-text-editor\" data-id=\"2a75491\" data-element_type=\"widget\" data-widget_type=\"text-editor.default\">\n\t\t\t\t<div class=\"elementor-widget-container\">\n\t\t\t\t\t\t\t\t\t<h2><span style=\"color: #000000;\">Data de Publica\u00e7\u00e3o e Revis\u00e3o: 23\/10\/2020. Vers\u00e3o: 01<\/span><\/h2>\n<p><span style=\"color: #000000;\"><strong>I. Objetivo <\/strong><\/span><\/p>\n<p><span style=\"color: #000000;\">Orientar quanto \u00e0s diretrizes aplic\u00e1veis \u00e0 privacidade e prote\u00e7\u00e3o dos dados pessoais dos clientes, colaboradores e parceiros os quais o Curso e Col\u00e9gio Gilberto Campelo, tem acesso em fun\u00e7\u00e3o do desempenho de suas atividades, estabelecendo as regras aplic\u00e1veis sobre a coleta, registro, armazenamento, uso, compartilhamento, enriquecimento e elimina\u00e7\u00e3o dos dados coletados, de acordo com as leis em vigor.<\/span><\/p>\n<p><span style=\"color: #000000;\"><strong>II. Abrang\u00eancia<\/strong><\/span><\/p>\n<p><span style=\"color: #000000;\">Todos os administradores (diretores, coordenadores, gerentes) e colaboradores, assim como terceiros, prestadores de servi\u00e7o e\/ou fornecedores que tiverem acesso a informa\u00e7\u00f5es dos clientes desta empresa. Considerando as necessidades espec\u00edficas e os aspectos legais e regulamentares a que est\u00e3o sujeitas.<\/span><\/p>\n<p><span style=\"color: #000000;\"><strong>III.\u00a0<\/strong><strong>Diretrizes <\/strong><\/span><\/p>\n<ol>\n<li><span style=\"color: #000000;\"><strong>Disposi\u00e7\u00f5es iniciais<\/strong><\/span><\/li>\n<\/ol>\n<ul>\n<li>\n<ul>\n<li><span style=\"color: #000000;\">1.1.\u00a0 Esta Pol\u00edtica visa demonstrar o compromisso do Col\u00e9gio Gilberto Campelo em:<\/span><\/li>\n<li><span style=\"color: #000000;\">1.1.1.\u00a0\u00a0Zelar pela privacidade e prote\u00e7\u00e3o dos dados pessoais coletados dos clientes, dos colaboradores e de nossos parceiros, em fun\u00e7\u00e3o do desempenho de suas atividades;<\/span><\/li>\n<li><span style=\"color: #000000;\">1.1.2. Adotar diretrizes que assegurem o cumprimento, de forma abrangente, de normas e boas pr\u00e1ticas relativas \u00e0 privacidade e prote\u00e7\u00e3o de dados pessoais;<\/span><\/li>\n<li><span style=\"color: #000000;\">1.1.3. Promover a transpar\u00eancia sobre a forma pela qual tratamos os dados pessoais; e<\/span><\/li>\n<li><span style=\"color: #000000;\">1.1.4. Adotar medidas de prote\u00e7\u00e3o em rela\u00e7\u00e3o a risco de incidente de seguran\u00e7a que envolva dados pessoais.<\/span><\/li>\n<\/ul>\n<\/li>\n<\/ul>\n<ol start=\"2\">\n<li><span style=\"color: #000000;\"><strong>Informa\u00e7\u00f5es sujeitas \u00e0 Pol\u00edtica<\/strong><\/span><\/li>\n<\/ol>\n<ul>\n<li>\n<ul>\n<li><span style=\"color: #000000;\">2.1.\u00a0 Est\u00e3o sujeitas \u00e0 esta Pol\u00edtica:<\/span><\/li>\n<li><span style=\"color: #000000;\">2.1.1.\u00a0 Todas as informa\u00e7\u00f5es fornecidas ou coletadas no contexto da presta\u00e7\u00e3o dos servi\u00e7os pelo Col\u00e9gio Gilberto Campelo aos seus clientes para os servi\u00e7os educacionais, processamento de informa\u00e7\u00f5es e liquida\u00e7\u00e3o de contratos, bem como a oferta de outros servi\u00e7os e produtos correlatos; e<\/span><\/li>\n<li><span style=\"color: #000000;\">2.1.2.\u00a0 Todas as informa\u00e7\u00f5es de colaboradores e parceiros coletadas no contexto de obriga\u00e7\u00e3o contratual ou legal.<\/span><\/li>\n<li><span style=\"color: #000000;\">2.2.\u00a0 Quanto \u00e0 sua natureza, as informa\u00e7\u00f5es podem ser classificadas em 2 (dois) grupos:<\/span><\/li>\n<li><span style=\"color: #000000;\">2.2.1.\u00a0 Informa\u00e7\u00f5es fornecidas pelo titular do dado: S\u00e3o aquelas inseridas ou encaminhadas pelo titular do dado ou seu representante legal, decorrentes do contato ou cadastro junto a Empresa, como: nome completo, CPF, RG, data de\u00a0nascimento, estado civil, fotos, endere\u00e7o completo, dados banc\u00e1rios, endere\u00e7os eletr\u00f4nicos (e-mail e redes sociais) e n\u00famero de telefone.<\/span><\/li>\n<li><span style=\"color: #000000;\">2.2.2.\u00a0 Informa\u00e7\u00f5es coletadas a partir do uso dos nossos servi\u00e7os pelo titular do dado ou respons\u00e1vel legal: S\u00e3o aquelas relacionadas \u00e0 utiliza\u00e7\u00e3o de meios eletr\u00f4nicos (plataforma aluno on-line) e transmitidas e\/ou compartilhadas com terceiros (respons\u00e1veis pelo sistema on-line).<\/span><\/li>\n<li><span style=\"color: #000000;\">2.3.\u00a0 As pr\u00e1ticas de privacidade espec\u00edficas em rela\u00e7\u00e3o a outros produtos e servi\u00e7os que a empresa vier a disponibilizar aos seus clientes estar\u00e3o associadas \u00e0 aceita\u00e7\u00e3o pelo cliente ou terceiro de cada produto ou servi\u00e7o.<\/span><\/li>\n<\/ul>\n<\/li>\n<\/ul>\n<ol start=\"3\">\n<li><span style=\"color: #000000;\"><strong>Dados Coletados, forma e finalidade da coleta<\/strong><\/span><\/li>\n<\/ol>\n<ul>\n<li>\n<ul>\n<li><span style=\"color: #000000;\">3.1.\u00a0 As informa\u00e7\u00f5es ser\u00e3o coletadas por meios \u00e9ticos e legais e armazenadas em ambiente seguro e controlado, pelo prazo exigido na regulamenta\u00e7\u00e3o vigente. O Col\u00e9gio Gilberto Campelo se compromete a tomar todas as medidas cab\u00edveis para manter o absoluto sigilo e a estrita confidencialidade de todas as informa\u00e7\u00f5es, dados pessoais e sens\u00edveis a que tiver acesso ou que porventura venha a conhecer ou ter ci\u00eancia de seus clientes bem como alunos e dos indiv\u00edduos diretamente relacionados aos clientes, a que venha a ter acesso em raz\u00e3o da presta\u00e7\u00e3o dos servi\u00e7os educacionais, sendo-lhe vedado ceder e\/ou permitir acesso por terceiros a tais informa\u00e7\u00f5es, ressalvadas as hip\u00f3teses descritas nesta Pol\u00edtica.<\/span><\/li>\n<li><span style=\"color: #000000;\">3.2. O acesso de terceiros \u00e0s informa\u00e7\u00f5es coletadas pelo Col\u00e9gio Gilberto Campelo se d\u00e1 exclusivamente para atendimento das finalidades informadas nesta Pol\u00edtica e dentro do limite necess\u00e1rio ao desempenho das atividades relativas ao curso normal da presta\u00e7\u00e3o de servi\u00e7os, incluindo, mas n\u00e3o se limitando:<\/span><\/li>\n<li><span style=\"color: #000000;\">3.2.1.\u00a0\u00a0\u00a0\u00a0\u00a0 Instituidoras de arranjos de pagamento;<\/span><\/li>\n<li><span style=\"color: #000000;\">3.2.2.\u00a0\u00a0\u00a0\u00a0\u00a0 Redes de transfer\u00eancia eletr\u00f4nica de fundos;<\/span><\/li>\n<li><span style=\"color: #000000;\">3.2.3.\u00a0 \u00a0\u00a0\u00a0 Bancos de compensa\u00e7\u00e3o e liquida\u00e7\u00e3o;<\/span><\/li>\n<li><span style=\"color: #000000;\">3.2.4. \u00a0\u00a0\u00a0\u00a0 Prestadoras de servi\u00e7os que executam opera\u00e7\u00f5es educacionais e\/ou de processamento de informa\u00e7\u00f5es para o Col\u00e9gio Gilberto Campelo;<\/span><\/li>\n<li><span style=\"color: #000000;\">3.2.5.\u00a0 \u00a0\u00a0\u00a0 Parceiros de Publicidade e Marketing;<\/span><\/li>\n<li><span style=\"color: #000000;\">3.2.6.\u00a0 \u00a0\u00a0\u00a0 Auditores independentes;<\/span><\/li>\n<li><span style=\"color: #000000;\">3.2.7.\u00a0 \u00a0\u00a0\u00a0 Ag\u00eancias de cobran\u00e7a, servi\u00e7os de prote\u00e7\u00e3o ao cr\u00e9dito e assemelhados;<\/span><\/li>\n<li><span style=\"color: #000000;\">3.2.8.\u00a0 \u00a0\u00a0\u00a0 \u00d3rg\u00e3os reguladores competentes.<\/span><\/li>\n<li><span style=\"color: #000000;\">3.3.\u00a0 A utiliza\u00e7\u00e3o das informa\u00e7\u00f5es coletadas pelo Col\u00e9gio Gilberto Campelo, em qualquer das hip\u00f3teses previstas no item 3.1 acima, \u00e9 feita exclusivamente para atendimento das finalidades informadas nesta Pol\u00edtica no desempenho dos servi\u00e7os Prestados pela Empresa ou no oferecimento ao cliente de conte\u00fado espec\u00edfico a partir da utiliza\u00e7\u00e3o da informa\u00e7\u00e3o de forma anonimizada e agregada sobre a sua \u00e1rea de atua\u00e7\u00e3o.<\/span><\/li>\n<li><span style=\"color: #000000;\">3.4.\u00a0 \u00a0O Col\u00e9gio Gilberto Campelo poder\u00e1 compartilhar informa\u00e7\u00f5es de forma agregada, publicamente e\/ou com seus parceiros, desde que tais informa\u00e7\u00f5es n\u00e3o sejam pessoalmente identific\u00e1veis. Por exemplo, poder\u00e1 compartilhar publicamente informa\u00e7\u00f5es para demonstrar tend\u00eancias e estat\u00edsticas sobre o desempenho dos servi\u00e7os fornecidos.<\/span><\/li>\n<li><span style=\"color: #000000;\">3.5 O Col\u00e9gio Gilberto Campelo poder\u00e1 compartilhar informa\u00e7\u00f5es pessoais (nome, foto e aprova\u00e7\u00e3o em concurso ou vestibular em que o aluno for aprovado), para fins publicit\u00e1rios e de marketing, desde que previamente autorizado pelo aluno\/cliente e\/ou Respons\u00e1vel Legal\/Respons\u00e1vel Financeiro.<\/span><\/li>\n<li><span style=\"color: #000000;\">3.6.\u00a0 \u00a0Sempre que se fizer necess\u00e1rio a utiliza\u00e7\u00e3o das informa\u00e7\u00f5es coletadas pelo Col\u00e9gio Gilberto Campelo para outros fins que n\u00e3o os definidos nesta Pol\u00edtica ou aquele expressamente autorizado pelo titular dos dados, o Col\u00e9gio Gilberto Campelo informar\u00e1 diretamente ao titular dos dados sobre esta nova finalidade e, quando necess\u00e1rio, coletar\u00e1 uma nova autoriza\u00e7\u00e3o.<\/span><\/li>\n<\/ul>\n<\/li>\n<\/ul>\n<ol start=\"4\">\n<li><span style=\"color: #000000;\"><strong>Relacionamento com terceiros<\/strong><\/span><\/li>\n<\/ol>\n<ul>\n<li>\n<ul>\n<li><span style=\"color: #000000;\">4.1.\u00a0 O Col\u00e9gio Gilberto Campelo exige a todos os terceiros que mantenham a confidencialidade das informa\u00e7\u00f5es a eles compartilhadas ou que tenham acesso em virtude do exerc\u00edcio da sua atividade, bem como que utilizem tais informa\u00e7\u00f5es exclusivamente para os fins expressamente permitidos. No entanto, a Col\u00e9gio Gilberto Campelo n\u00e3o se responsabilizar\u00e1 pelo uso indevido de tais informa\u00e7\u00f5es, seja pelos terceiros ou por seus colaboradores, em virtude do descumprimento desta Pol\u00edtica e das obriga\u00e7\u00f5es contratuais assumidas por referidos terceiros com o Col\u00e9gio Gilberto Campelo por meio de instrumentos pr\u00f3prios, e sujeitos as penalidades previstas na Lei.<\/span><\/li>\n<\/ul>\n<\/li>\n<\/ul>\n<ol start=\"5\">\n<li><span style=\"color: #000000;\"><strong>Seguran\u00e7a das informa\u00e7\u00f5es<\/strong><\/span><\/li>\n<\/ol>\n<ul>\n<li>\n<ul>\n<li><span style=\"color: #000000;\">5.1.\u00a0 Visando a seguran\u00e7a das informa\u00e7\u00f5es fornecidas pelos clientes, o Col\u00e9gio Gilberto Campelo disp\u00f5e de processos de seguran\u00e7a f\u00edsicos, l\u00f3gicos, t\u00e9cnicos e administrativos compat\u00edveis com a sensibilidade das informa\u00e7\u00f5es coletadas, cuja efici\u00eancia \u00e9 periodicamente avaliada.<\/span><\/li>\n<li><span style=\"color: #000000;\">5.2.\u00a0 O Col\u00e9gio Gilberto Campelo implementa novos procedimentos e melhorias tecnol\u00f3gicas cont\u00ednuas para proteger todos os dados pessoais coletados dos clientes.<\/span><\/li>\n<li><span style=\"color: #000000;\">5.3\u00a0N\u00e3o obstante \u00e0s medidas de seguran\u00e7a adotadas, o Col\u00e9gio Gilberto Campelo n\u00e3o se responsabiliza por preju\u00edzos decorrentes da viola\u00e7\u00e3o da confidencialidade das informa\u00e7\u00f5es em virtude da ocorr\u00eancia de qualquer fato ou situa\u00e7\u00e3o que n\u00e3o lhe seja imput\u00e1vel.<\/span><\/li>\n<li><span style=\"color: #000000;\">5.4\u00a0No tratamento das informa\u00e7\u00f5es coletadas o Col\u00e9gio Gilberto Campelo utiliza de sistemas estruturados de forma a atender aos requisitos de seguran\u00e7a e transpar\u00eancia, aos padr\u00f5es de boas pr\u00e1ticas e de governan\u00e7a e aos princ\u00edpios gerais estabelecidos na Lei n\u00ba 13.709\/2018 Lei Geral de Prote\u00e7\u00e3o de Dados Pessoais (\u201cLGPD\u201d).<\/span><\/li>\n<li><span style=\"color: #000000;\">5.5.\u00a0 Todas as tecnologias utilizadas respeitar\u00e3o sempre a legisla\u00e7\u00e3o vigente e os termos desta Pol\u00edtica.<\/span><\/li>\n<\/ul>\n<\/li>\n<\/ul>\n<ol start=\"6\">\n<li><span style=\"color: #000000;\"><strong>Coopera\u00e7\u00e3o com autoridades reguladoras<\/strong><\/span><\/li>\n<\/ol>\n<ul>\n<li>\n<ul>\n<li><span style=\"color: #000000;\">6.1.\u00a0 Nas hip\u00f3teses em que se fizerem necess\u00e1rias a divulga\u00e7\u00e3o dos dados pessoais de clientes, colaboradores ou parceiros, seja em raz\u00e3o de cumprimento de lei, determina\u00e7\u00e3o judicial ou de \u00f3rg\u00e3o competente fiscalizador das atividades desenvolvidas o Col\u00e9gio Gilberto Campelo e\/ou terceiros, tais informa\u00e7\u00f5es dever\u00e3o ser reveladas somente nos estritos termos e nos limites requeridos para a sua divulga\u00e7\u00e3o, sendo que os titulares das informa\u00e7\u00f5es divulgadas, na medida do poss\u00edvel, ser\u00e3o notificados sobre tal divulga\u00e7\u00e3o, para que tomem as medidas protetivas ou reparadoras apropriadas.<\/span><\/li>\n<\/ul>\n<\/li>\n<\/ul>\n<ol start=\"7\">\n<li><span style=\"color: #000000;\"><strong>Altera\u00e7\u00f5es<\/strong><\/span><\/li>\n<\/ol>\n<ul>\n<li>\n<ul>\n<li><span style=\"color: #000000;\">7.1.\u00a0 A presente Pol\u00edtica de Privacidade e Prote\u00e7\u00e3o de Dados poder\u00e1 ser modificada a qualquer momento, conforme a finalidade ou necessidade para adequa\u00e7\u00e3o e conformidade de disposi\u00e7\u00e3o de lei ou sempre que o Col\u00e9gio Gilberto Campelo julgar necess\u00e1rio. As altera\u00e7\u00f5es ser\u00e3o divulgadas por meio do <em>website<\/em> https:gilbertocampelo.com.br<u>.<\/u> A continuidade do uso dos servi\u00e7os prestados pelo Col\u00e9gio Gilberto Campelo ou da presta\u00e7\u00e3o de servi\u00e7os para o Col\u00e9gio Gilberto Campelo, conforme o caso, ap\u00f3s divulga\u00e7\u00e3o das altera\u00e7\u00f5es ser\u00e1 considerada aceita\u00e7\u00e3o do cliente e terceiros quanto aos novos termos e condi\u00e7\u00f5es.<\/span><\/li>\n<\/ul>\n<\/li>\n<\/ul>\n<p><span style=\"color: #000000;\">\u00a0<strong>IV.<\/strong> <strong>Gest\u00e3o de Consequ\u00eancias<\/strong><\/span><\/p>\n<p><span style=\"color: #000000;\">Colaboradores, fornecedores, prestadores de servi\u00e7os ou de interesse que observarem quaisquer desvios \u00e0s diretrizes desta Pol\u00edtica, poder\u00e3o relatar o fato no Canal de Exclusivo via e-mail: privacidade@gilbertocampelo.com.br.<\/span><\/p>\n<p><span style=\"color: #000000;\">Internamente, o descumprimento das diretrizes desta Pol\u00edtica enseja a aplica\u00e7\u00e3o de medidas de responsabiliza\u00e7\u00e3o dos agentes que a descumprirem conforme a respectiva gravidade do descumprimento.<\/span><\/p>\n<p><span style=\"color: #000000;\">Quando um incidente reportado ao Canal Exclusivo envolver dados pessoais e\/ou dados pessoais sens\u00edveis, este ser\u00e1 informado prontamente a den\u00fancia ao Encarregado em Privacidade e Prote\u00e7\u00e3o de Dados.<\/span><\/p>\n<p><span style=\"color: #000000;\"><strong>V. Responsabilidades<\/strong><\/span><\/p>\n<ul>\n<li><span style=\"color: #000000;\"><strong>Administradores, colaboradores e terceiros:<\/strong><\/span>\n<ul>\n<li><span style=\"color: #000000;\">Observar e zelar pelo cumprimento da presente Pol\u00edtica e, quando assim se fizer necess\u00e1rio, acionar o Encarregado em Privacidade e Prote\u00e7\u00e3o de Dados, para consulta sobre situa\u00e7\u00f5es que envolvam conflito com esta Pol\u00edtica ou mediante a ocorr\u00eancia de situa\u00e7\u00f5es nela descritas.<\/span><\/li>\n<\/ul>\n<\/li>\n<li><span style=\"color: #000000;\"><strong>Diretoria Geral: <\/strong><\/span>\n<ul>\n<li><span style=\"color: #000000;\">Manter atualizada esta Pol\u00edtica, de forma a garantir que quaisquer altera\u00e7\u00f5es regulat\u00f3rias\/legais das diretrizes e regras gerais aqui estabelecidas sejam observadas;<\/span><\/li>\n<li><span style=\"color: #000000;\">Esclarecer d\u00favidas relativas a esta Pol\u00edtica e \u00e0 sua aplica\u00e7\u00e3o;<\/span><\/li>\n<li><span style=\"color: #000000;\">Aceitar reclama\u00e7\u00f5es e comunica\u00e7\u00f5es dos titulares dos dados, prestar esclarecimentos e adotar provid\u00eancias;<\/span><\/li>\n<li><span style=\"color: #000000;\">Receber comunica\u00e7\u00f5es da Autoridade Nacional de Prote\u00e7\u00e3o de Dados (\u201cANPD\u201d) e adotar provid\u00eancias;<\/span><\/li>\n<li><span style=\"color: #000000;\">Orientar os colaboradores e os terceiros do Col\u00e9gio Gilberto Campelo a respeito das pr\u00e1ticas a serem tomadas em rela\u00e7\u00e3o \u00e0 prote\u00e7\u00e3o de dados pessoais; e<\/span><\/li>\n<li><span style=\"color: #000000;\">Adotar iniciativas para compartilhamento de informa\u00e7\u00f5es sobre incidentes contendo dados pessoais com a ANPD e com os titulares dos dados, quando necess\u00e1rio.<\/span><\/li>\n<li><span style=\"color: #000000;\">Esclarecer d\u00favidas relativas \u00e0 legisla\u00e7\u00e3o e regulamenta\u00e7\u00e3o pertinente.<\/span><\/li>\n<\/ul>\n<\/li>\n<\/ul>\n<p><span style=\"color: #000000;\"><strong>VI. Documenta\u00e7\u00e3o Complementar<\/strong><\/span><\/p>\n<ul>\n<li><span style=\"color: #000000;\">Artigo 5\u00ba da Constitui\u00e7\u00e3o Federal de 1988;<\/span><\/li>\n<li><span style=\"color: #000000;\">Contratos de Ades\u00e3o a presta\u00e7\u00e3o de nossos servi\u00e7os educacionais;<\/span><\/li>\n<li><span style=\"color: #000000;\">Lei n\u00ba 13.709\/2018;<\/span><\/li>\n<li><span style=\"color: #000000;\">Normas e procedimentos internos aperfei\u00e7oados constantemente, aprovados pelas al\u00e7adas competentes e disponibilizadas a todos os colaboradores.<\/span><\/li>\n<\/ul>\n<p><span style=\"color: #000000;\"><strong>VII.\u00a0<\/strong><strong>Conceitos e Siglas<\/strong><\/span><\/p>\n<ul>\n<li><span style=\"color: #000000;\"><strong>Representante Legal ou Respons\u00e1vel Financeiro: <\/strong>Pessoa natural, que tenha se cadastrado no sistema do Col\u00e9gio Gilberto Campelo, a quem se referem os dados pessoais que s\u00e3o objeto do trabalho;<\/span><\/li>\n<li><span style=\"color: #000000;\"><strong>Aluno: <\/strong>Pessoa natural, que tenha se cadastrado no sistema do Col\u00e9gio Gilberto Campelo, podendo ser ou n\u00e3o o pr\u00f3prio Respons\u00e1vel financeiro a quem se referem os dados pessoais que s\u00e3o objeto do trabalho;<\/span><\/li>\n<li><span style=\"color: #000000;\"><strong>Dado pessoal: <\/strong>Qualquer informa\u00e7\u00e3o relacionada \u00e0 pessoa natural identificada ou identific\u00e1vel, como: nome, sobrenome, data de nascimento, fotos, documentos pessoais, (CPF, RG, CNH, Carteira de Trabalho, passaporte, t\u00edtulo de eleitor, dados escolares anteriores, dentre outros), endere\u00e7o residencial ou comercial, telefone, e-mail, cookies e endere\u00e7o IP;<\/span><\/li>\n<li><span style=\"color: #000000;\"><strong>Dado pessoal sens\u00edvel: <\/strong>Qualquer dado pessoal sobre origem racial ou \u00e9tnica, convic\u00e7\u00e3o religiosa, opini\u00e3o pol\u00edtica, filia\u00e7\u00e3o a sindicato ou a organiza\u00e7\u00e3o de car\u00e1ter religioso, filos\u00f3fico ou pol\u00edtico, dado referente \u00e0 sa\u00fade ou \u00e0 vida sexual, dado gen\u00e9tico ou biom\u00e9trico, quando vinculado a uma pessoa natural;<\/span><\/li>\n<li><span style=\"color: #000000;\"><strong>Informa\u00e7\u00f5es:<\/strong> Dados, processados ou n\u00e3o, que podem ser utilizados para produ\u00e7\u00e3o e para transmiss\u00e3o de conhecimento, contidos em qualquer meio, suporte ou formato;<\/span><\/li>\n<li><span style=\"color: #000000;\"><strong>Privacidade e Prote\u00e7\u00e3o de Dados: <\/strong>Possibilidade de o titular determinar, de forma aut\u00f4noma, a utiliza\u00e7\u00e3o que \u00e9 feita de seus pr\u00f3prios dados pessoais, em conjunto com o estabelecimento de uma s\u00e9rie de garantias para evitar que estes dados pessoais sejam utilizados de forma a causar discrimina\u00e7\u00e3o ou danos de qualquer esp\u00e9cie.<\/span><\/li>\n<li><span style=\"color: #000000;\"><strong>Terceiros: <\/strong>Pessoa natural ou jur\u00eddica, de direito p\u00fablico ou privado, que presta servi\u00e7os ao Col\u00e9gio Gilberto Campelo, em suas depend\u00eancias ou remotamente, e no exerc\u00edcio de suas atividades possam vir a ter acesso \u00e0s informa\u00e7\u00f5es referentes ao neg\u00f3cio do Col\u00e9gio Gilberto Campelo ou de seus Clientes.<\/span><\/li>\n<\/ul>\n<p><span style=\"color: #000000;\"><strong>VIII.\u00a0<\/strong><strong>Disposi\u00e7\u00f5es Gerais<\/strong><\/span><\/p>\n<p><span style=\"color: #000000;\">\u00c9 compet\u00eancia de a Dire\u00e7\u00e3o Geral alterar esta Pol\u00edtica sempre que se fizer necess\u00e1rio. Esta Pol\u00edtica entra em vigor na data de sua publica\u00e7\u00e3o pelo Diretor Geral.<\/span><\/p>\t\t\t\t\t\t\t\t<\/div>\n\t\t\t\t<\/div>\n\t\t\t\t\t<\/div>\n\t\t<\/div>\n\t\t\t\t\t<\/div>\n\t\t<\/section>\n\t\t\t\t<\/div>\n\t\t","protected":false},"excerpt":{"rendered":"<p>Data de Publica\u00e7\u00e3o e Revis\u00e3o: 23\/10\/2020. Vers\u00e3o: 01 I. Objetivo Orientar quanto \u00e0s diretrizes aplic\u00e1veis \u00e0 privacidade e prote\u00e7\u00e3o dos dados pessoais dos clientes, colaboradores e parceiros os quais o Curso e Col\u00e9gio Gilberto Campelo, tem acesso em fun\u00e7\u00e3o do desempenho de suas atividades, estabelecendo as regras aplic\u00e1veis sobre a coleta, registro, armazenamento, uso, compartilhamento, [&hellip;]<\/p>\n","protected":false},"author":1,"featured_media":0,"parent":0,"menu_order":0,"comment_status":"closed","ping_status":"open","template":"","meta":{"footnotes":""},"class_list":["post-5","page","type-page","status-publish","hentry"],"jetpack_sharing_enabled":true,"_links":{"self":[{"href":"https:\/\/gilbertocampelo.com.br\/vendas\/wp-json\/wp\/v2\/pages\/5","targetHints":{"allow":["GET"]}}],"collection":[{"href":"https:\/\/gilbertocampelo.com.br\/vendas\/wp-json\/wp\/v2\/pages"}],"about":[{"href":"https:\/\/gilbertocampelo.com.br\/vendas\/wp-json\/wp\/v2\/types\/page"}],"author":[{"embeddable":true,"href":"https:\/\/gilbertocampelo.com.br\/vendas\/wp-json\/wp\/v2\/users\/1"}],"replies":[{"embeddable":true,"href":"https:\/\/gilbertocampelo.com.br\/vendas\/wp-json\/wp\/v2\/comments?post=5"}],"version-history":[{"count":0,"href":"https:\/\/gilbertocampelo.com.br\/vendas\/wp-json\/wp\/v2\/pages\/5\/revisions"}],"wp:attachment":[{"href":"https:\/\/gilbertocampelo.com.br\/vendas\/wp-json\/wp\/v2\/media?parent=5"}],"curies":[{"name":"wp","href":"https:\/\/api.w.org\/{rel}","templated":true}]}}