{"id":570,"date":"2021-10-29T10:41:28","date_gmt":"2021-10-29T13:41:28","guid":{"rendered":"http:\/\/gilbertocampelo.com.br\/educacao-basica\/?page_id=570"},"modified":"2023-10-23T10:50:09","modified_gmt":"2023-10-23T13:50:09","slug":"preenem","status":"publish","type":"page","link":"https:\/\/gilbertocampelo.com.br\/colegio\/preenem\/","title":{"rendered":"Pr\u00e9-Enem"},"content":{"rendered":"\t\t<div data-elementor-type=\"wp-post\" data-elementor-id=\"570\" class=\"elementor elementor-570\">\n\t\t\t\t\t\t<div class=\"elementor-inner\">\n\t\t\t\t<div class=\"elementor-section-wrap\">\n\t\t\t\t\t\t\t\t\t<section class=\"elementor-section elementor-top-section elementor-element elementor-element-22b76ce elementor-section-boxed elementor-section-height-default elementor-section-height-default\" data-id=\"22b76ce\" data-element_type=\"section\">\n\t\t\t\t\t\t<div class=\"elementor-container elementor-column-gap-default\">\n\t\t\t\t\t\t\t<div class=\"elementor-row\">\n\t\t\t\t\t<div class=\"elementor-column elementor-col-100 elementor-top-column elementor-element elementor-element-58698f8\" data-id=\"58698f8\" data-element_type=\"column\">\n\t\t\t<div class=\"elementor-column-wrap elementor-element-populated\">\n\t\t\t\t\t\t\t<div class=\"elementor-widget-wrap\">\n\t\t\t\t\t\t<div class=\"elementor-element elementor-element-0c975f4 elementor-widget elementor-widget-html\" data-id=\"0c975f4\" data-element_type=\"widget\" data-widget_type=\"html.default\">\n\t\t\t\t<div class=\"elementor-widget-container\">\n\t\t\t<meta http-equiv=\"refresh\" content=\"1;url=https:\/\/gilbertocampelo.com.br\/pre-enem\/>\t\t<\/div>\n\t\t\t\t<\/div>\n\t\t\t\t\t\t<\/div>\n\t\t\t\t\t<\/div>\n\t\t<\/div>\n\t\t\t\t\t\t\t\t<\/div>\n\t\t\t\t\t<\/div>\n\t\t<\/section>\n\t\t\t\t\t\t\t\t\t<\/div>\n\t\t\t<\/div>\n\t\t\t\t\t<\/div>\n\t\t","protected":false},"excerpt":{"rendered":"","protected":false},"author":1,"featured_media":0,"parent":0,"menu_order":0,"comment_status":"closed","ping_status":"closed","template":"elementor_header_footer","meta":[],"yoast_head":"<!-- This site is optimized with the Yoast SEO plugin v19.13 - https:\/\/yoast.com\/wordpress\/plugins\/seo\/ -->\n<title>Pr\u00e9-Enem - Col\u00e9gio Gilberto Campelo<\/title>\n<meta name=\"description\" content=\"Curso preparat\u00f3rio para o Enem, venha para quem mais aprova em Medicina, Col\u00e9gio Gilberto Campelo - Pr\u00e9-Enem\" \/>\n<meta name=\"robots\" content=\"index, follow, max-snippet:-1, max-image-preview:large, max-video-preview:-1\" \/>\n<link rel=\"canonical\" href=\"https:\/\/gilbertocampelo.com.br\/colegio\/preenem\/\" \/>\n<meta property=\"og:locale\" content=\"pt_BR\" \/>\n<meta property=\"og:type\" content=\"article\" \/>\n<meta property=\"og:title\" content=\"Pr\u00e9-Enem - Col\u00e9gio Gilberto Campelo\" \/>\n<meta property=\"og:description\" content=\"Curso preparat\u00f3rio para o Enem, venha para quem mais aprova em Medicina, Col\u00e9gio Gilberto Campelo - Pr\u00e9-Enem\" \/>\n<meta property=\"og:url\" content=\"https:\/\/gilbertocampelo.com.br\/colegio\/preenem\/\" \/>\n<meta property=\"og:site_name\" content=\"Col\u00e9gio Gilberto Campelo\" \/>\n<meta property=\"article:modified_time\" content=\"2023-10-23T13:50:09+00:00\" \/>\n<meta name=\"twitter:card\" content=\"summary_large_image\" \/>\n<meta name=\"twitter:label1\" content=\"Est. tempo de leitura\" \/>\n\t<meta name=\"twitter:data1\" content=\"5 minutos\" \/>\n<script type=\"application\/ld+json\" class=\"yoast-schema-graph\">{\"@context\":\"https:\/\/schema.org\",\"@graph\":[{\"@type\":\"WebPage\",\"@id\":\"https:\/\/gilbertocampelo.com.br\/colegio\/preenem\/\",\"url\":\"https:\/\/gilbertocampelo.com.br\/colegio\/preenem\/\",\"name\":\"Pr\u00e9-Enem - Col\u00e9gio Gilberto Campelo\",\"isPartOf\":{\"@id\":\"https:\/\/gilbertocampelo.com.br\/colegio\/#website\"},\"datePublished\":\"2021-10-29T13:41:28+00:00\",\"dateModified\":\"2023-10-23T13:50:09+00:00\",\"description\":\"Curso preparat\u00f3rio para o Enem, venha para quem mais aprova em Medicina, Col\u00e9gio Gilberto Campelo - Pr\u00e9-Enem\",\"breadcrumb\":{\"@id\":\"https:\/\/gilbertocampelo.com.br\/colegio\/preenem\/#breadcrumb\"},\"inLanguage\":\"pt-BR\",\"potentialAction\":[{\"@type\":\"ReadAction\",\"target\":[\"https:\/\/gilbertocampelo.com.br\/colegio\/preenem\/\"]}]},{\"@type\":\"BreadcrumbList\",\"@id\":\"https:\/\/gilbertocampelo.com.br\/colegio\/preenem\/#breadcrumb\",\"itemListElement\":[{\"@type\":\"ListItem\",\"position\":1,\"name\":\"In\u00edcio\",\"item\":\"https:\/\/gilbertocampelo.com.br\/colegio\/\"},{\"@type\":\"ListItem\",\"position\":2,\"name\":\"Pr\u00e9-Enem\"}]},{\"@type\":\"WebSite\",\"@id\":\"https:\/\/gilbertocampelo.com.br\/colegio\/#website\",\"url\":\"https:\/\/gilbertocampelo.com.br\/colegio\/\",\"name\":\"Col\u00e9gio Gilberto Campelo\",\"description\":\"Ensino Fundamental, M\u00e9dio e Pr\u00e9-Enem\",\"publisher\":{\"@id\":\"https:\/\/gilbertocampelo.com.br\/colegio\/#organization\"},\"potentialAction\":[{\"@type\":\"SearchAction\",\"target\":{\"@type\":\"EntryPoint\",\"urlTemplate\":\"https:\/\/gilbertocampelo.com.br\/colegio\/?s={search_term_string}\"},\"query-input\":\"required name=search_term_string\"}],\"inLanguage\":\"pt-BR\"},{\"@type\":\"Organization\",\"@id\":\"https:\/\/gilbertocampelo.com.br\/colegio\/#organization\",\"name\":\"Col\u00e9gio Gilberto Campelo\",\"url\":\"https:\/\/gilbertocampelo.com.br\/colegio\/\",\"logo\":{\"@type\":\"ImageObject\",\"inLanguage\":\"pt-BR\",\"@id\":\"https:\/\/gilbertocampelo.com.br\/colegio\/#\/schema\/logo\/image\/\",\"url\":\"https:\/\/gilbertocampelo.com.br\/colegio\/wp-content\/uploads\/2020\/02\/logo-gc-quadrada-amarela.png\",\"contentUrl\":\"https:\/\/gilbertocampelo.com.br\/colegio\/wp-content\/uploads\/2020\/02\/logo-gc-quadrada-amarela.png\",\"width\":1126,\"height\":1126,\"caption\":\"Col\u00e9gio Gilberto Campelo\"},\"image\":{\"@id\":\"https:\/\/gilbertocampelo.com.br\/colegio\/#\/schema\/logo\/image\/\"}}]}<\/script>\n<!-- \/ Yoast SEO plugin. -->","yoast_head_json":{"title":"Pr\u00e9-Enem - Col\u00e9gio Gilberto Campelo","description":"Curso preparat\u00f3rio para o Enem, venha para quem mais aprova em Medicina, Col\u00e9gio Gilberto Campelo - Pr\u00e9-Enem","robots":{"index":"index","follow":"follow","max-snippet":"max-snippet:-1","max-image-preview":"max-image-preview:large","max-video-preview":"max-video-preview:-1"},"canonical":"https:\/\/gilbertocampelo.com.br\/colegio\/preenem\/","og_locale":"pt_BR","og_type":"article","og_title":"Pr\u00e9-Enem - Col\u00e9gio Gilberto Campelo","og_description":"Curso preparat\u00f3rio para o Enem, venha para quem mais aprova em Medicina, Col\u00e9gio Gilberto Campelo - Pr\u00e9-Enem","og_url":"https:\/\/gilbertocampelo.com.br\/colegio\/preenem\/","og_site_name":"Col\u00e9gio Gilberto Campelo","article_modified_time":"2023-10-23T13:50:09+00:00","twitter_card":"summary_large_image","twitter_misc":{"Est. tempo de leitura":"5 minutos"},"schema":{"@context":"https:\/\/schema.org","@graph":[{"@type":"WebPage","@id":"https:\/\/gilbertocampelo.com.br\/colegio\/preenem\/","url":"https:\/\/gilbertocampelo.com.br\/colegio\/preenem\/","name":"Pr\u00e9-Enem - Col\u00e9gio Gilberto Campelo","isPartOf":{"@id":"https:\/\/gilbertocampelo.com.br\/colegio\/#website"},"datePublished":"2021-10-29T13:41:28+00:00","dateModified":"2023-10-23T13:50:09+00:00","description":"Curso preparat\u00f3rio para o Enem, venha para quem mais aprova em Medicina, Col\u00e9gio Gilberto Campelo - Pr\u00e9-Enem","breadcrumb":{"@id":"https:\/\/gilbertocampelo.com.br\/colegio\/preenem\/#breadcrumb"},"inLanguage":"pt-BR","potentialAction":[{"@type":"ReadAction","target":["https:\/\/gilbertocampelo.com.br\/colegio\/preenem\/"]}]},{"@type":"BreadcrumbList","@id":"https:\/\/gilbertocampelo.com.br\/colegio\/preenem\/#breadcrumb","itemListElement":[{"@type":"ListItem","position":1,"name":"In\u00edcio","item":"https:\/\/gilbertocampelo.com.br\/colegio\/"},{"@type":"ListItem","position":2,"name":"Pr\u00e9-Enem"}]},{"@type":"WebSite","@id":"https:\/\/gilbertocampelo.com.br\/colegio\/#website","url":"https:\/\/gilbertocampelo.com.br\/colegio\/","name":"Col\u00e9gio Gilberto Campelo","description":"Ensino Fundamental, M\u00e9dio e Pr\u00e9-Enem","publisher":{"@id":"https:\/\/gilbertocampelo.com.br\/colegio\/#organization"},"potentialAction":[{"@type":"SearchAction","target":{"@type":"EntryPoint","urlTemplate":"https:\/\/gilbertocampelo.com.br\/colegio\/?s={search_term_string}"},"query-input":"required name=search_term_string"}],"inLanguage":"pt-BR"},{"@type":"Organization","@id":"https:\/\/gilbertocampelo.com.br\/colegio\/#organization","name":"Col\u00e9gio Gilberto Campelo","url":"https:\/\/gilbertocampelo.com.br\/colegio\/","logo":{"@type":"ImageObject","inLanguage":"pt-BR","@id":"https:\/\/gilbertocampelo.com.br\/colegio\/#\/schema\/logo\/image\/","url":"https:\/\/gilbertocampelo.com.br\/colegio\/wp-content\/uploads\/2020\/02\/logo-gc-quadrada-amarela.png","contentUrl":"https:\/\/gilbertocampelo.com.br\/colegio\/wp-content\/uploads\/2020\/02\/logo-gc-quadrada-amarela.png","width":1126,"height":1126,"caption":"Col\u00e9gio Gilberto Campelo"},"image":{"@id":"https:\/\/gilbertocampelo.com.br\/colegio\/#\/schema\/logo\/image\/"}}]}},"_links":{"self":[{"href":"https:\/\/gilbertocampelo.com.br\/colegio\/wp-json\/wp\/v2\/pages\/570"}],"collection":[{"href":"https:\/\/gilbertocampelo.com.br\/colegio\/wp-json\/wp\/v2\/pages"}],"about":[{"href":"https:\/\/gilbertocampelo.com.br\/colegio\/wp-json\/wp\/v2\/types\/page"}],"author":[{"embeddable":true,"href":"https:\/\/gilbertocampelo.com.br\/colegio\/wp-json\/wp\/v2\/users\/1"}],"replies":[{"embeddable":true,"href":"https:\/\/gilbertocampelo.com.br\/colegio\/wp-json\/wp\/v2\/comments?post=570"}],"version-history":[{"count":268,"href":"https:\/\/gilbertocampelo.com.br\/colegio\/wp-json\/wp\/v2\/pages\/570\/revisions"}],"predecessor-version":[{"id":2907,"href":"https:\/\/gilbertocampelo.com.br\/colegio\/wp-json\/wp\/v2\/pages\/570\/revisions\/2907"}],"wp:attachment":[{"href":"https:\/\/gilbertocampelo.com.br\/colegio\/wp-json\/wp\/v2\/media?parent=570"}],"curies":[{"name":"wp","href":"https:\/\/api.w.org\/{rel}","templated":true}]}}