{"id":2836,"date":"2023-02-15T12:56:47","date_gmt":"2023-02-15T15:56:47","guid":{"rendered":"https:\/\/gilbertocampelo.com.br\/colegio\/?page_id=2836"},"modified":"2023-02-15T13:24:22","modified_gmt":"2023-02-15T16:24:22","slug":"natureza-e-matematica-para-o-enem","status":"publish","type":"page","link":"https:\/\/gilbertocampelo.com.br\/colegio\/natureza-e-matematica-para-o-enem\/","title":{"rendered":"NATUREZA E MATEM\u00c1TICA PARA O ENEM"},"content":{"rendered":"\t\t<div data-elementor-type=\"wp-post\" data-elementor-id=\"2836\" class=\"elementor elementor-2836\">\n\t\t\t\t\t\t<div class=\"elementor-inner\">\n\t\t\t\t<div class=\"elementor-section-wrap\">\n\t\t\t\t\t\t\t\t\t<section class=\"elementor-section elementor-top-section elementor-element elementor-element-63c453c elementor-section-stretched elementor-section-boxed elementor-section-height-default elementor-section-height-default\" data-id=\"63c453c\" data-element_type=\"section\" data-settings=\"{&quot;background_background&quot;:&quot;classic&quot;,&quot;stretch_section&quot;:&quot;section-stretched&quot;}\">\n\t\t\t\t\t\t<div class=\"elementor-container elementor-column-gap-default\">\n\t\t\t\t\t\t\t<div class=\"elementor-row\">\n\t\t\t\t\t<div class=\"elementor-column elementor-col-100 elementor-top-column elementor-element elementor-element-bd205f7\" data-id=\"bd205f7\" data-element_type=\"column\">\n\t\t\t<div class=\"elementor-column-wrap elementor-element-populated\">\n\t\t\t\t\t\t\t<div class=\"elementor-widget-wrap\">\n\t\t\t\t\t\t<div class=\"elementor-element elementor-element-75126a3 elementor-widget elementor-widget-heading\" data-id=\"75126a3\" data-element_type=\"widget\" data-widget_type=\"heading.default\">\n\t\t\t\t<div class=\"elementor-widget-container\">\n\t\t\t<h2 class=\"elementor-heading-title elementor-size-default\">Novas turmas:<\/h2>\t\t<\/div>\n\t\t\t\t<\/div>\n\t\t\t\t\t\t<\/div>\n\t\t\t\t\t<\/div>\n\t\t<\/div>\n\t\t\t\t\t\t\t\t<\/div>\n\t\t\t\t\t<\/div>\n\t\t<\/section>\n\t\t\t\t<section class=\"elementor-section elementor-top-section elementor-element elementor-element-683c54a elementor-section-full_width elementor-section-stretched elementor-section-height-default elementor-section-height-default\" data-id=\"683c54a\" data-element_type=\"section\" data-settings=\"{&quot;stretch_section&quot;:&quot;section-stretched&quot;}\">\n\t\t\t\t\t\t<div class=\"elementor-container elementor-column-gap-default\">\n\t\t\t\t\t\t\t<div class=\"elementor-row\">\n\t\t\t\t\t<div class=\"elementor-column elementor-col-100 elementor-top-column elementor-element elementor-element-8303352\" data-id=\"8303352\" data-element_type=\"column\">\n\t\t\t<div class=\"elementor-column-wrap elementor-element-populated\">\n\t\t\t\t\t\t\t<div class=\"elementor-widget-wrap\">\n\t\t\t\t\t\t<div class=\"elementor-element elementor-element-7fe3a32 elementor-position-left elementor-vertical-align-middle elementor-view-default elementor-mobile-position-top elementor-widget elementor-widget-icon-box\" data-id=\"7fe3a32\" data-element_type=\"widget\" data-widget_type=\"icon-box.default\">\n\t\t\t\t<div class=\"elementor-widget-container\">\n\t\t\t\t\t<div class=\"elementor-icon-box-wrapper\">\n\t\t\t\t\t\t<div class=\"elementor-icon-box-icon\">\n\t\t\t\t<a class=\"elementor-icon elementor-animation-\" href=\"https:\/\/api.whatsapp.com\/send?phone=5586981263792&#038;text=Ol%C3%A1%20Gostaria%20de%20informa%C3%A7%C3%B5es%20sobre%20o%20Pr%C3%A9-Enem\">\n\t\t\t\t<i aria-hidden=\"true\" class=\"fab fa-whatsapp-square\"><\/i>\t\t\t\t<\/a>\n\t\t\t<\/div>\n\t\t\t\t\t\t<div class=\"elementor-icon-box-content\">\n\t\t\t\t<h1 class=\"elementor-icon-box-title\">\n\t\t\t\t\t<a href=\"https:\/\/api.whatsapp.com\/send?phone=5586981263792&#038;text=Ol%C3%A1%20Gostaria%20de%20informa%C3%A7%C3%B5es%20sobre%20o%20Pr%C3%A9-Enem\" >\n\t\t\t\t\t\tPara maiores Informa\u00e7\u00f5es clique aqui\t\t\t\t\t<\/a>\n\t\t\t\t<\/h1>\n\t\t\t\t\t\t\t<\/div>\n\t\t<\/div>\n\t\t\t\t<\/div>\n\t\t\t\t<\/div>\n\t\t\t\t<div class=\"elementor-element elementor-element-11dc450 elementor-widget-divider--view-line elementor-widget elementor-widget-divider\" data-id=\"11dc450\" data-element_type=\"widget\" data-widget_type=\"divider.default\">\n\t\t\t\t<div class=\"elementor-widget-container\">\n\t\t\t\t\t<div class=\"elementor-divider\">\n\t\t\t<span class=\"elementor-divider-separator\">\n\t\t\t\t\t\t<\/span>\n\t\t<\/div>\n\t\t\t\t<\/div>\n\t\t\t\t<\/div>\n\t\t\t\t\t\t<\/div>\n\t\t\t\t\t<\/div>\n\t\t<\/div>\n\t\t\t\t\t\t\t\t<\/div>\n\t\t\t\t\t<\/div>\n\t\t<\/section>\n\t\t\t\t<section class=\"elementor-section elementor-top-section elementor-element elementor-element-049b737 elementor-section-boxed elementor-section-height-default elementor-section-height-default\" data-id=\"049b737\" data-element_type=\"section\">\n\t\t\t\t\t\t<div class=\"elementor-container elementor-column-gap-default\">\n\t\t\t\t\t\t\t<div class=\"elementor-row\">\n\t\t\t\t\t<div class=\"elementor-column elementor-col-50 elementor-top-column elementor-element elementor-element-73bc6b4\" data-id=\"73bc6b4\" data-element_type=\"column\">\n\t\t\t<div class=\"elementor-column-wrap elementor-element-populated\">\n\t\t\t\t\t\t\t<div class=\"elementor-widget-wrap\">\n\t\t\t\t\t\t<div class=\"elementor-element elementor-element-2f8217f elementor-widget elementor-widget-text-editor\" data-id=\"2f8217f\" data-element_type=\"widget\" data-widget_type=\"text-editor.default\">\n\t\t\t\t<div class=\"elementor-widget-container\">\n\t\t\t\t\t\t\t\t<div class=\"elementor-text-editor elementor-clearfix\">\n\t\t\t\t<p><img decoding=\"async\" loading=\"lazy\" class=\"aligncenter wp-image-2839 size-full\" src=\"https:\/\/gilbertocampelo.com.br\/colegio\/wp-content\/uploads\/2023\/02\/natureza-enem23.png\" alt=\"\" width=\"800\" height=\"445\" srcset=\"https:\/\/gilbertocampelo.com.br\/colegio\/wp-content\/uploads\/2023\/02\/natureza-enem23.png 800w, https:\/\/gilbertocampelo.com.br\/colegio\/wp-content\/uploads\/2023\/02\/natureza-enem23-300x167.png 300w, https:\/\/gilbertocampelo.com.br\/colegio\/wp-content\/uploads\/2023\/02\/natureza-enem23-768x427.png 768w\" sizes=\"(max-width: 800px) 100vw, 800px\" \/><\/p>\t\t\t\t\t<\/div>\n\t\t\t\t\t\t<\/div>\n\t\t\t\t<\/div>\n\t\t\t\t<div class=\"elementor-element elementor-element-23ec037 elementor-widget elementor-widget-text-editor\" data-id=\"23ec037\" data-element_type=\"widget\" data-widget_type=\"text-editor.default\">\n\t\t\t\t<div class=\"elementor-widget-container\">\n\t\t\t\t\t\t\t\t<div class=\"elementor-text-editor elementor-clearfix\">\n\t\t\t\t<p><strong><span style=\"color: #000000;\">\ud83c\udfaf In\u00edcio: 06 de mar\u00e7o. Termino: 06 de julho.<br \/>\ud83d\udccd Aulas em 4 dias na semana;<br \/>\u23f1\ufe0f Turno: Tarde, das 14h20 \u00e0s 18h.<\/span><\/strong><\/p>\t\t\t\t\t<\/div>\n\t\t\t\t\t\t<\/div>\n\t\t\t\t<\/div>\n\t\t\t\t\t\t<\/div>\n\t\t\t\t\t<\/div>\n\t\t<\/div>\n\t\t\t\t<div class=\"elementor-column elementor-col-50 elementor-top-column elementor-element elementor-element-d1ff1cd\" data-id=\"d1ff1cd\" data-element_type=\"column\">\n\t\t\t<div class=\"elementor-column-wrap elementor-element-populated\">\n\t\t\t\t\t\t\t<div class=\"elementor-widget-wrap\">\n\t\t\t\t\t\t<div class=\"elementor-element elementor-element-801f6ef elementor-widget elementor-widget-heading\" data-id=\"801f6ef\" data-element_type=\"widget\" data-widget_type=\"heading.default\">\n\t\t\t\t<div class=\"elementor-widget-container\">\n\t\t\t<h2 class=\"elementor-heading-title elementor-size-default\">NATUREZA E MATEM\u00c1TICA PARA O ENEM<\/h2>\t\t<\/div>\n\t\t\t\t<\/div>\n\t\t\t\t<div class=\"elementor-element elementor-element-d25aa51 elementor-widget elementor-widget-text-editor\" data-id=\"d25aa51\" data-element_type=\"widget\" data-widget_type=\"text-editor.default\">\n\t\t\t\t<div class=\"elementor-widget-container\">\n\t\t\t\t\t\t\t\t<div class=\"elementor-text-editor elementor-clearfix\">\n\t\t\t\t<p><span style=\"color: #000000;\">\u2705 Curso de Qu\u00edmica, Biologia, F\u00edsica e Matem\u00e1tica,<\/span><\/p><p><span style=\"color: #000000;\">\ud83c\udfaf In\u00edcio: 06 de mar\u00e7o. Termino: 06 de julho.<\/span><br \/><span style=\"color: #000000;\">\ud83d\udccd Aulas em 4 dias na semana;<\/span><br \/><span style=\"color: #000000;\">\u23f1\ufe0f Turno: Tarde, das 14h20 \u00e0s 18h.<\/span><\/p><p><span style=\"color: #000000;\">\ud83d\udcb0 Investimento: <\/span><br \/><span style=\"color: #000000;\">&#8211; Op\u00e7\u00e3o 1: matr\u00edcula ( material did\u00e1tico) &#8211; R$ R$ 220,00 + 4x de R$ 250,00 no boleto banc\u00e1rio. <\/span><br \/><span style=\"color: #000000;\">&#8211; Op\u00e7\u00e3o 2: R$ 1.160,00 de 5x de R$ 232,00 no cart\u00e3o\/sem entrada. <\/span><br \/><span style=\"color: #000000;\">&#8211; Op\u00e7\u00e3o 3: R$ 1.090,00 &#8211; \u00e0 vista.<\/span><\/p><p><span style=\"color: #000000;\">Hor\u00e1rio e dias das disciplinas \/ Natureza &amp; MATEM\u00c1TICA<\/span><\/p><ul><li><span style=\"color: #000000;\">Biologia &#8211; \u00e0s segundas, das 14h20 \u00e0s 18h ( professores Wendell e Caio Frederico).<\/span><\/li><li><span style=\"color: #000000;\">Matem\u00e1tica &#8211; \u00e0s quartas, das 14h20 \u00e0s 18h ( professores C\u00e1ssio e Jos\u00e9 Neto).<\/span><\/li><li><span style=\"color: #000000;\">F\u00edsica &#8211; \u00e0s quintas, das 14h20 \u00e0s 18h ( professores Lindemberg e Fl\u00e1vio Barros).<\/span><\/li><li><span style=\"color: #000000;\">Qu\u00edmica &#8211; \u00e0s sextas, das 14h20 \u00e0s 18h ( professores Lucas Queiroz e Danilo \u00c1lisson).<\/span><\/li><\/ul><p><span style=\"color: #000000;\">\ud83d\udd39 DISCIPLINA ISOLADA: 1+3x de R$ 120,00 no boleto (j\u00e1 incluso o material did\u00e1tico) ou 4x de R$ 110,00 no cart\u00e3o (sem entrada)<\/span><\/p>\t\t\t\t\t<\/div>\n\t\t\t\t\t\t<\/div>\n\t\t\t\t<\/div>\n\t\t\t\t<div class=\"elementor-element elementor-element-43aba97 elementor-align-center elementor-widget elementor-widget-button\" data-id=\"43aba97\" data-element_type=\"widget\" data-widget_type=\"button.default\">\n\t\t\t\t<div class=\"elementor-widget-container\">\n\t\t\t\t\t<div class=\"elementor-button-wrapper\">\n\t\t\t<a href=\"https:\/\/gilbertocampelo.com.br\/inscricoes\" class=\"elementor-button-link elementor-button elementor-size-sm\" role=\"button\">\n\t\t\t\t\t\t<span class=\"elementor-button-content-wrapper\">\n\t\t\t\t\t\t<span class=\"elementor-button-text\">Matriculas<\/span>\n\t\t<\/span>\n\t\t\t\t\t<\/a>\n\t\t<\/div>\n\t\t\t\t<\/div>\n\t\t\t\t<\/div>\n\t\t\t\t\t\t<\/div>\n\t\t\t\t\t<\/div>\n\t\t<\/div>\n\t\t\t\t\t\t\t\t<\/div>\n\t\t\t\t\t<\/div>\n\t\t<\/section>\n\t\t\t\t\t\t\t\t\t<\/div>\n\t\t\t<\/div>\n\t\t\t\t\t<\/div>\n\t\t","protected":false},"excerpt":{"rendered":"<p>Novas turmas: Para maiores Informa\u00e7\u00f5es clique aqui \ud83c\udfaf In\u00edcio: 06 de mar\u00e7o. Termino: 06 de julho.\ud83d\udccd Aulas em 4 dias na semana;\u23f1\ufe0f Turno: Tarde, das 14h20 \u00e0s 18h. NATUREZA E MATEM\u00c1TICA PARA O ENEM \u2705 Curso de Qu\u00edmica, Biologia, F\u00edsica e Matem\u00e1tica, \ud83c\udfaf In\u00edcio: 06 de mar\u00e7o. Termino: 06 de julho.\ud83d\udccd Aulas em 4 dias [&hellip;]<\/p>\n","protected":false},"author":1,"featured_media":0,"parent":0,"menu_order":0,"comment_status":"closed","ping_status":"closed","template":"elementor_header_footer","meta":[],"yoast_head":"<!-- This site is optimized with the Yoast SEO plugin v19.13 - https:\/\/yoast.com\/wordpress\/plugins\/seo\/ -->\n<title>NATUREZA E MATEM\u00c1TICA PARA O ENEM - Col\u00e9gio Gilberto Campelo<\/title>\n<meta name=\"robots\" content=\"index, follow, max-snippet:-1, max-image-preview:large, max-video-preview:-1\" \/>\n<link rel=\"canonical\" href=\"https:\/\/gilbertocampelo.com.br\/colegio\/natureza-e-matematica-para-o-enem\/\" \/>\n<meta property=\"og:locale\" content=\"pt_BR\" \/>\n<meta property=\"og:type\" content=\"article\" \/>\n<meta property=\"og:title\" content=\"NATUREZA E MATEM\u00c1TICA PARA O ENEM - Col\u00e9gio Gilberto Campelo\" \/>\n<meta property=\"og:description\" content=\"Novas turmas: Para maiores Informa\u00e7\u00f5es clique aqui \ud83c\udfaf In\u00edcio: 06 de mar\u00e7o. Termino: 06 de julho.\ud83d\udccd Aulas em 4 dias na semana;\u23f1\ufe0f Turno: Tarde, das 14h20 \u00e0s 18h. NATUREZA E MATEM\u00c1TICA PARA O ENEM \u2705 Curso de Qu\u00edmica, Biologia, F\u00edsica e Matem\u00e1tica, \ud83c\udfaf In\u00edcio: 06 de mar\u00e7o. Termino: 06 de julho.\ud83d\udccd Aulas em 4 dias [&hellip;]\" \/>\n<meta property=\"og:url\" content=\"https:\/\/gilbertocampelo.com.br\/colegio\/natureza-e-matematica-para-o-enem\/\" \/>\n<meta property=\"og:site_name\" content=\"Col\u00e9gio Gilberto Campelo\" \/>\n<meta property=\"article:modified_time\" content=\"2023-02-15T16:24:22+00:00\" \/>\n<meta property=\"og:image\" content=\"https:\/\/gilbertocampelo.com.br\/colegio\/wp-content\/uploads\/2023\/02\/natureza-enem23.png\" \/>\n<meta name=\"twitter:card\" content=\"summary_large_image\" \/>\n<meta name=\"twitter:label1\" content=\"Est. tempo de leitura\" \/>\n\t<meta name=\"twitter:data1\" content=\"3 minutos\" \/>\n<script type=\"application\/ld+json\" class=\"yoast-schema-graph\">{\"@context\":\"https:\/\/schema.org\",\"@graph\":[{\"@type\":\"WebPage\",\"@id\":\"https:\/\/gilbertocampelo.com.br\/colegio\/natureza-e-matematica-para-o-enem\/\",\"url\":\"https:\/\/gilbertocampelo.com.br\/colegio\/natureza-e-matematica-para-o-enem\/\",\"name\":\"NATUREZA E MATEM\u00c1TICA PARA O ENEM - Col\u00e9gio Gilberto Campelo\",\"isPartOf\":{\"@id\":\"https:\/\/gilbertocampelo.com.br\/colegio\/#website\"},\"datePublished\":\"2023-02-15T15:56:47+00:00\",\"dateModified\":\"2023-02-15T16:24:22+00:00\",\"breadcrumb\":{\"@id\":\"https:\/\/gilbertocampelo.com.br\/colegio\/natureza-e-matematica-para-o-enem\/#breadcrumb\"},\"inLanguage\":\"pt-BR\",\"potentialAction\":[{\"@type\":\"ReadAction\",\"target\":[\"https:\/\/gilbertocampelo.com.br\/colegio\/natureza-e-matematica-para-o-enem\/\"]}]},{\"@type\":\"BreadcrumbList\",\"@id\":\"https:\/\/gilbertocampelo.com.br\/colegio\/natureza-e-matematica-para-o-enem\/#breadcrumb\",\"itemListElement\":[{\"@type\":\"ListItem\",\"position\":1,\"name\":\"In\u00edcio\",\"item\":\"https:\/\/gilbertocampelo.com.br\/colegio\/\"},{\"@type\":\"ListItem\",\"position\":2,\"name\":\"NATUREZA E MATEM\u00c1TICA PARA O ENEM\"}]},{\"@type\":\"WebSite\",\"@id\":\"https:\/\/gilbertocampelo.com.br\/colegio\/#website\",\"url\":\"https:\/\/gilbertocampelo.com.br\/colegio\/\",\"name\":\"Col\u00e9gio Gilberto Campelo\",\"description\":\"Ensino Fundamental, M\u00e9dio e Pr\u00e9-Enem\",\"publisher\":{\"@id\":\"https:\/\/gilbertocampelo.com.br\/colegio\/#organization\"},\"potentialAction\":[{\"@type\":\"SearchAction\",\"target\":{\"@type\":\"EntryPoint\",\"urlTemplate\":\"https:\/\/gilbertocampelo.com.br\/colegio\/?s={search_term_string}\"},\"query-input\":\"required name=search_term_string\"}],\"inLanguage\":\"pt-BR\"},{\"@type\":\"Organization\",\"@id\":\"https:\/\/gilbertocampelo.com.br\/colegio\/#organization\",\"name\":\"Col\u00e9gio Gilberto Campelo\",\"url\":\"https:\/\/gilbertocampelo.com.br\/colegio\/\",\"logo\":{\"@type\":\"ImageObject\",\"inLanguage\":\"pt-BR\",\"@id\":\"https:\/\/gilbertocampelo.com.br\/colegio\/#\/schema\/logo\/image\/\",\"url\":\"https:\/\/gilbertocampelo.com.br\/colegio\/wp-content\/uploads\/2020\/02\/logo-gc-quadrada-amarela.png\",\"contentUrl\":\"https:\/\/gilbertocampelo.com.br\/colegio\/wp-content\/uploads\/2020\/02\/logo-gc-quadrada-amarela.png\",\"width\":1126,\"height\":1126,\"caption\":\"Col\u00e9gio Gilberto Campelo\"},\"image\":{\"@id\":\"https:\/\/gilbertocampelo.com.br\/colegio\/#\/schema\/logo\/image\/\"}}]}<\/script>\n<!-- \/ Yoast SEO plugin. -->","yoast_head_json":{"title":"NATUREZA E MATEM\u00c1TICA PARA O ENEM - Col\u00e9gio Gilberto Campelo","robots":{"index":"index","follow":"follow","max-snippet":"max-snippet:-1","max-image-preview":"max-image-preview:large","max-video-preview":"max-video-preview:-1"},"canonical":"https:\/\/gilbertocampelo.com.br\/colegio\/natureza-e-matematica-para-o-enem\/","og_locale":"pt_BR","og_type":"article","og_title":"NATUREZA E MATEM\u00c1TICA PARA O ENEM - Col\u00e9gio Gilberto Campelo","og_description":"Novas turmas: Para maiores Informa\u00e7\u00f5es clique aqui \ud83c\udfaf In\u00edcio: 06 de mar\u00e7o. Termino: 06 de julho.\ud83d\udccd Aulas em 4 dias na semana;\u23f1\ufe0f Turno: Tarde, das 14h20 \u00e0s 18h. NATUREZA E MATEM\u00c1TICA PARA O ENEM \u2705 Curso de Qu\u00edmica, Biologia, F\u00edsica e Matem\u00e1tica, \ud83c\udfaf In\u00edcio: 06 de mar\u00e7o. Termino: 06 de julho.\ud83d\udccd Aulas em 4 dias [&hellip;]","og_url":"https:\/\/gilbertocampelo.com.br\/colegio\/natureza-e-matematica-para-o-enem\/","og_site_name":"Col\u00e9gio Gilberto Campelo","article_modified_time":"2023-02-15T16:24:22+00:00","og_image":[{"url":"https:\/\/gilbertocampelo.com.br\/colegio\/wp-content\/uploads\/2023\/02\/natureza-enem23.png"}],"twitter_card":"summary_large_image","twitter_misc":{"Est. tempo de leitura":"3 minutos"},"schema":{"@context":"https:\/\/schema.org","@graph":[{"@type":"WebPage","@id":"https:\/\/gilbertocampelo.com.br\/colegio\/natureza-e-matematica-para-o-enem\/","url":"https:\/\/gilbertocampelo.com.br\/colegio\/natureza-e-matematica-para-o-enem\/","name":"NATUREZA E MATEM\u00c1TICA PARA O ENEM - Col\u00e9gio Gilberto Campelo","isPartOf":{"@id":"https:\/\/gilbertocampelo.com.br\/colegio\/#website"},"datePublished":"2023-02-15T15:56:47+00:00","dateModified":"2023-02-15T16:24:22+00:00","breadcrumb":{"@id":"https:\/\/gilbertocampelo.com.br\/colegio\/natureza-e-matematica-para-o-enem\/#breadcrumb"},"inLanguage":"pt-BR","potentialAction":[{"@type":"ReadAction","target":["https:\/\/gilbertocampelo.com.br\/colegio\/natureza-e-matematica-para-o-enem\/"]}]},{"@type":"BreadcrumbList","@id":"https:\/\/gilbertocampelo.com.br\/colegio\/natureza-e-matematica-para-o-enem\/#breadcrumb","itemListElement":[{"@type":"ListItem","position":1,"name":"In\u00edcio","item":"https:\/\/gilbertocampelo.com.br\/colegio\/"},{"@type":"ListItem","position":2,"name":"NATUREZA E MATEM\u00c1TICA PARA O ENEM"}]},{"@type":"WebSite","@id":"https:\/\/gilbertocampelo.com.br\/colegio\/#website","url":"https:\/\/gilbertocampelo.com.br\/colegio\/","name":"Col\u00e9gio Gilberto Campelo","description":"Ensino Fundamental, M\u00e9dio e Pr\u00e9-Enem","publisher":{"@id":"https:\/\/gilbertocampelo.com.br\/colegio\/#organization"},"potentialAction":[{"@type":"SearchAction","target":{"@type":"EntryPoint","urlTemplate":"https:\/\/gilbertocampelo.com.br\/colegio\/?s={search_term_string}"},"query-input":"required name=search_term_string"}],"inLanguage":"pt-BR"},{"@type":"Organization","@id":"https:\/\/gilbertocampelo.com.br\/colegio\/#organization","name":"Col\u00e9gio Gilberto Campelo","url":"https:\/\/gilbertocampelo.com.br\/colegio\/","logo":{"@type":"ImageObject","inLanguage":"pt-BR","@id":"https:\/\/gilbertocampelo.com.br\/colegio\/#\/schema\/logo\/image\/","url":"https:\/\/gilbertocampelo.com.br\/colegio\/wp-content\/uploads\/2020\/02\/logo-gc-quadrada-amarela.png","contentUrl":"https:\/\/gilbertocampelo.com.br\/colegio\/wp-content\/uploads\/2020\/02\/logo-gc-quadrada-amarela.png","width":1126,"height":1126,"caption":"Col\u00e9gio Gilberto Campelo"},"image":{"@id":"https:\/\/gilbertocampelo.com.br\/colegio\/#\/schema\/logo\/image\/"}}]}},"_links":{"self":[{"href":"https:\/\/gilbertocampelo.com.br\/colegio\/wp-json\/wp\/v2\/pages\/2836"}],"collection":[{"href":"https:\/\/gilbertocampelo.com.br\/colegio\/wp-json\/wp\/v2\/pages"}],"about":[{"href":"https:\/\/gilbertocampelo.com.br\/colegio\/wp-json\/wp\/v2\/types\/page"}],"author":[{"embeddable":true,"href":"https:\/\/gilbertocampelo.com.br\/colegio\/wp-json\/wp\/v2\/users\/1"}],"replies":[{"embeddable":true,"href":"https:\/\/gilbertocampelo.com.br\/colegio\/wp-json\/wp\/v2\/comments?post=2836"}],"version-history":[{"count":14,"href":"https:\/\/gilbertocampelo.com.br\/colegio\/wp-json\/wp\/v2\/pages\/2836\/revisions"}],"predecessor-version":[{"id":2854,"href":"https:\/\/gilbertocampelo.com.br\/colegio\/wp-json\/wp\/v2\/pages\/2836\/revisions\/2854"}],"wp:attachment":[{"href":"https:\/\/gilbertocampelo.com.br\/colegio\/wp-json\/wp\/v2\/media?parent=2836"}],"curies":[{"name":"wp","href":"https:\/\/api.w.org\/{rel}","templated":true}]}}