{"id":20,"date":"2018-09-13T08:23:28","date_gmt":"2018-09-13T08:23:28","guid":{"rendered":"https:\/\/demo.themegrill.com\/zakra-education\/?page_id=20"},"modified":"2022-01-17T15:09:45","modified_gmt":"2022-01-17T18:09:45","slug":"contact-us","status":"publish","type":"page","link":"https:\/\/gilbertocampelo.com.br\/colegio\/contact-us\/","title":{"rendered":"Contate-nos"},"content":{"rendered":"\t\t<div data-elementor-type=\"wp-post\" data-elementor-id=\"20\" class=\"elementor elementor-20\">\n\t\t\t\t\t\t<div class=\"elementor-inner\">\n\t\t\t\t<div class=\"elementor-section-wrap\">\n\t\t\t\t\t\t\t\t\t<section class=\"elementor-section elementor-top-section elementor-element elementor-element-fa0d73e elementor-section-content-middle elementor-section-boxed elementor-section-height-default elementor-section-height-default\" data-id=\"fa0d73e\" data-element_type=\"section\">\n\t\t\t\t\t\t<div class=\"elementor-container elementor-column-gap-default\">\n\t\t\t\t\t\t\t<div class=\"elementor-row\">\n\t\t\t\t\t<div class=\"elementor-column elementor-col-50 elementor-top-column elementor-element elementor-element-2ad19ba\" data-id=\"2ad19ba\" data-element_type=\"column\">\n\t\t\t<div class=\"elementor-column-wrap elementor-element-populated\">\n\t\t\t\t\t\t\t<div class=\"elementor-widget-wrap\">\n\t\t\t\t\t\t<div class=\"elementor-element elementor-element-1fa0a85 elementor-widget elementor-widget-heading\" data-id=\"1fa0a85\" data-element_type=\"widget\" data-widget_type=\"heading.default\">\n\t\t\t\t<div class=\"elementor-widget-container\">\n\t\t\t<h4 class=\"elementor-heading-title elementor-size-default\">Envie-nos uma mensagem:<\/h4>\t\t<\/div>\n\t\t\t\t<\/div>\n\t\t\t\t<div class=\"elementor-element elementor-element-1943069 elementor-widget elementor-widget-shortcode\" data-id=\"1943069\" data-element_type=\"widget\" data-widget_type=\"shortcode.default\">\n\t\t\t\t<div class=\"elementor-widget-container\">\n\t\t\t\t\t<div class=\"elementor-shortcode\"><div class=\"everest-forms\"><div class=\"evf-container default\" id=\"evf-40\"><form id=\"evf-form-40\" class=\"everest-form\" data-formid=\"40\" data-ajax_submission=\"0\" data-keyboard_friendly_form=\"0\" method=\"post\" enctype=\"multipart\/form-data\" action=\"\/colegio\/wp-json\/wp\/v2\/pages\/20\"><div class=\"evf-field-container\"><input type=\"hidden\" id=\"_wpnonce40\" name=\"_wpnonce40\" value=\"36e57f1867\" \/><input type=\"hidden\" name=\"_wp_http_referer\" value=\"\/colegio\/wp-json\/wp\/v2\/pages\/20\" \/><div class=\"evf-frontend-row\" data-row=\"row_1\" conditional_rules=\"[]\"><div class=\"evf-frontend-grid evf-grid-1\" data-grid=\"grid_1\"><div id=\"evf-40-field_fullname-container\" class=\"evf-field evf-field-text form-row validate-required\" data-required-field-message=\"Este campo \u00e9 obrigat\u00f3rio.\" data-field-id=\"fullname\"><label class=\"evf-field-label\" for=\"evf-40-field_fullname\"><span class=\"evf-label\">Nome<\/span> <abbr class=\"required\" title=\"Required\">*<\/abbr><\/label><input type=\"text\" id=\"evf-40-field_fullname\" class=\"input-text\" name=\"everest_forms[form_fields][fullname]\" required><\/div><div id=\"evf-40-field_1J2mzSiltL-2-container\" class=\"evf-field evf-field-text form-row validate-required\" data-required-field-message=\"Este campo \u00e9 obrigat\u00f3rio.\" data-field-id=\"1J2mzSiltL-2\"><label class=\"evf-field-label\" for=\"evf-40-field_1J2mzSiltL-2\"><span class=\"evf-label\">Telefone<\/span> <abbr class=\"required\" title=\"Required\">*<\/abbr><\/label><input type=\"text\" id=\"evf-40-field_1J2mzSiltL-2\" class=\"input-text\" name=\"everest_forms[form_fields][1J2mzSiltL-2]\" required><\/div><div id=\"evf-40-field_email-container\" class=\"evf-field evf-field-email form-row validate-required validate-email\" data-required-field-message=\"Por favor insira um endere\u00e7o de e-mail v\u00e1lido.\" data-field-id=\"email\"><label class=\"evf-field-label\" for=\"evf-40-field_email\"><span class=\"evf-label\">Email<\/span> <abbr class=\"required\" title=\"Required\">*<\/abbr><\/label><input type=\"email\" id=\"evf-40-field_email\" class=\"input-text\" name=\"everest_forms[form_fields][email]\" required ><\/div><div id=\"evf-40-field_subject-container\" class=\"evf-field evf-field-text form-row validate-required\" data-required-field-message=\"Este campo \u00e9 obrigat\u00f3rio.\" data-field-id=\"subject\"><label class=\"evf-field-label\" for=\"evf-40-field_subject\"><span class=\"evf-label\">Assunto<\/span> <abbr class=\"required\" title=\"Required\">*<\/abbr><\/label><input type=\"text\" id=\"evf-40-field_subject\" class=\"input-text\" name=\"everest_forms[form_fields][subject]\" required><\/div><div id=\"evf-40-field_message-container\" class=\"evf-field evf-field-textarea form-row\" data-field-id=\"message\"><label class=\"evf-field-label\" for=\"evf-40-field_message\"><span class=\"evf-label\">Messagem<\/span> <\/label><textarea id=\"evf-40-field_message\" class=\"input-text\" name=\"everest_forms[form_fields][message]\"  ><\/textarea><\/div><\/div><\/div><\/div><div class=\"evf-honeypot-container evf-field-hp\"><label for=\"evf-40-field-hp\" class=\"evf-field-label\">Name<\/label><input type=\"text\" name=\"everest_forms[hp]\" id=\"evf-40-field-hp\" class=\"input-text\"><\/div><div class=\"evf-submit-container \" ><input type=\"hidden\" name=\"everest_forms[id]\" value=\"40\"><input type=\"hidden\" name=\"everest_forms[author]\" value=\"1\"><button type='submit' name='everest_forms[submit]' class='everest-forms-submit-button button evf-submit ' id='evf-submit-40' value='evf-submit' data-process-text=\"Em processamento\u2026\" conditional_rules='&quot;&quot;' conditional_id='evf-submit-40'  id=\"evf-submit-40\" aria-live=\"assertive\">Enviar<\/button><\/div><\/form><\/div><!-- .evf-container --><\/div><\/div>\n\t\t\t\t<\/div>\n\t\t\t\t<\/div>\n\t\t\t\t\t\t<\/div>\n\t\t\t\t\t<\/div>\n\t\t<\/div>\n\t\t\t\t<div class=\"elementor-column elementor-col-50 elementor-top-column elementor-element elementor-element-0c6f38a\" data-id=\"0c6f38a\" data-element_type=\"column\">\n\t\t\t<div class=\"elementor-column-wrap elementor-element-populated\">\n\t\t\t\t\t\t\t<div class=\"elementor-widget-wrap\">\n\t\t\t\t\t\t<div class=\"elementor-element elementor-element-fd7fa99 elementor-widget elementor-widget-heading\" data-id=\"fd7fa99\" data-element_type=\"widget\" data-widget_type=\"heading.default\">\n\t\t\t\t<div class=\"elementor-widget-container\">\n\t\t\t<h4 class=\"elementor-heading-title elementor-size-default\">Localiza\u00e7\u00e3o:<\/h4>\t\t<\/div>\n\t\t\t\t<\/div>\n\t\t\t\t<div class=\"elementor-element elementor-element-0f50d77 elementor-widget elementor-widget-text-editor\" data-id=\"0f50d77\" data-element_type=\"widget\" data-widget_type=\"text-editor.default\">\n\t\t\t\t<div class=\"elementor-widget-container\">\n\t\t\t\t\t\t\t\t<div class=\"elementor-text-editor elementor-clearfix\">\n\t\t\t\t<p>Av. Frei Serafim, 3302 Teresina-PI<\/p>\t\t\t\t\t<\/div>\n\t\t\t\t\t\t<\/div>\n\t\t\t\t<\/div>\n\t\t\t\t<div class=\"elementor-element elementor-element-bd02ef0 elementor-widget elementor-widget-heading\" data-id=\"bd02ef0\" data-element_type=\"widget\" data-widget_type=\"heading.default\">\n\t\t\t\t<div class=\"elementor-widget-container\">\n\t\t\t<h4 class=\"elementor-heading-title elementor-size-default\">Telefone<\/h4>\t\t<\/div>\n\t\t\t\t<\/div>\n\t\t\t\t<div class=\"elementor-element elementor-element-253cf75 elementor-widget elementor-widget-text-editor\" data-id=\"253cf75\" data-element_type=\"widget\" data-widget_type=\"text-editor.default\">\n\t\t\t\t<div class=\"elementor-widget-container\">\n\t\t\t\t\t\t\t\t<div class=\"elementor-text-editor elementor-clearfix\">\n\t\t\t\t<p>(86) 3085-2848<\/p>\t\t\t\t\t<\/div>\n\t\t\t\t\t\t<\/div>\n\t\t\t\t<\/div>\n\t\t\t\t<div class=\"elementor-element elementor-element-82a0ede elementor-widget elementor-widget-heading\" data-id=\"82a0ede\" data-element_type=\"widget\" data-widget_type=\"heading.default\">\n\t\t\t\t<div class=\"elementor-widget-container\">\n\t\t\t<h4 class=\"elementor-heading-title elementor-size-default\">Email<\/h4>\t\t<\/div>\n\t\t\t\t<\/div>\n\t\t\t\t<div class=\"elementor-element elementor-element-8275511 elementor-widget elementor-widget-text-editor\" data-id=\"8275511\" data-element_type=\"widget\" data-widget_type=\"text-editor.default\">\n\t\t\t\t<div class=\"elementor-widget-container\">\n\t\t\t\t\t\t\t\t<div class=\"elementor-text-editor elementor-clearfix\">\n\t\t\t\t<p>contato@gilbertocampelo.com.br<\/p>\t\t\t\t\t<\/div>\n\t\t\t\t\t\t<\/div>\n\t\t\t\t<\/div>\n\t\t\t\t<div class=\"elementor-element elementor-element-8bc602e elementor-widget elementor-widget-heading\" data-id=\"8bc602e\" data-element_type=\"widget\" data-widget_type=\"heading.default\">\n\t\t\t\t<div class=\"elementor-widget-container\">\n\t\t\t<h4 class=\"elementor-heading-title elementor-size-default\">Siga-nos:<\/h4>\t\t<\/div>\n\t\t\t\t<\/div>\n\t\t\t\t<div class=\"elementor-element elementor-element-53d5867 e-grid-align-left elementor-shape-rounded elementor-grid-0 elementor-widget elementor-widget-social-icons\" data-id=\"53d5867\" data-element_type=\"widget\" data-widget_type=\"social-icons.default\">\n\t\t\t\t<div class=\"elementor-widget-container\">\n\t\t\t\t\t<div class=\"elementor-social-icons-wrapper elementor-grid\">\n\t\t\t\t\t\t\t<span class=\"elementor-grid-item\">\n\t\t\t\t\t<a class=\"elementor-icon elementor-social-icon elementor-social-icon-facebook-f elementor-repeater-item-873e785\" href=\"https:\/\/www.facebook.com\/colegiogilbertocampelo\/\" target=\"_blank\">\n\t\t\t\t\t\t<span class=\"elementor-screen-only\">Facebook-f<\/span>\n\t\t\t\t\t\t<i class=\"fab fa-facebook-f\"><\/i>\t\t\t\t\t<\/a>\n\t\t\t\t<\/span>\n\t\t\t\t\t\t\t<span class=\"elementor-grid-item\">\n\t\t\t\t\t<a class=\"elementor-icon elementor-social-icon elementor-social-icon-instagram elementor-repeater-item-3012455\" href=\"https:\/\/www.instagram.com\/gilbertocampelo\/\" target=\"_blank\">\n\t\t\t\t\t\t<span class=\"elementor-screen-only\">Instagram<\/span>\n\t\t\t\t\t\t<i class=\"fab fa-instagram\"><\/i>\t\t\t\t\t<\/a>\n\t\t\t\t<\/span>\n\t\t\t\t\t<\/div>\n\t\t\t\t<\/div>\n\t\t\t\t<\/div>\n\t\t\t\t\t\t<\/div>\n\t\t\t\t\t<\/div>\n\t\t<\/div>\n\t\t\t\t\t\t\t\t<\/div>\n\t\t\t\t\t<\/div>\n\t\t<\/section>\n\t\t\t\t<section class=\"elementor-section elementor-top-section elementor-element elementor-element-12084cb elementor-section-stretched elementor-section-full_width elementor-section-height-default elementor-section-height-default\" data-id=\"12084cb\" data-element_type=\"section\" data-settings=\"{&quot;stretch_section&quot;:&quot;section-stretched&quot;}\">\n\t\t\t\t\t\t<div class=\"elementor-container elementor-column-gap-no\">\n\t\t\t\t\t\t\t<div class=\"elementor-row\">\n\t\t\t\t\t<div class=\"elementor-column elementor-col-100 elementor-top-column elementor-element elementor-element-f9b4bf5\" data-id=\"f9b4bf5\" data-element_type=\"column\">\n\t\t\t<div class=\"elementor-column-wrap elementor-element-populated\">\n\t\t\t\t\t\t\t<div class=\"elementor-widget-wrap\">\n\t\t\t\t\t\t<div class=\"elementor-element elementor-element-b0c6bd1 elementor-widget elementor-widget-google_maps\" data-id=\"b0c6bd1\" data-element_type=\"widget\" data-widget_type=\"google_maps.default\">\n\t\t\t\t<div class=\"elementor-widget-container\">\n\t\t\t\t\t<div class=\"elementor-custom-embed\">\n\t\t\t<iframe frameborder=\"0\" scrolling=\"no\" marginheight=\"0\" marginwidth=\"0\"\n\t\t\t\t\tsrc=\"https:\/\/maps.google.com\/maps?q=Av.%20frei%20serafim%20n%202077&#038;t=m&#038;z=15&#038;output=embed&#038;iwloc=near\"\n\t\t\t\t\ttitle=\"Av. frei serafim n 2077\"\n\t\t\t\t\taria-label=\"Av. frei serafim n 2077\"\n\t\t\t><\/iframe>\n\t\t<\/div>\n\t\t\t\t<\/div>\n\t\t\t\t<\/div>\n\t\t\t\t\t\t<\/div>\n\t\t\t\t\t<\/div>\n\t\t<\/div>\n\t\t\t\t\t\t\t\t<\/div>\n\t\t\t\t\t<\/div>\n\t\t<\/section>\n\t\t\t\t\t\t\t\t\t<\/div>\n\t\t\t<\/div>\n\t\t\t\t\t<\/div>\n\t\t","protected":false},"excerpt":{"rendered":"<p>Envie-nos uma mensagem: Localiza\u00e7\u00e3o: Av. Frei Serafim, 3302 Teresina-PI Telefone (86) 3085-2848 Email contato@gilbertocampelo.com.br Siga-nos: Facebook-f Instagram<\/p>\n","protected":false},"author":1,"featured_media":0,"parent":0,"menu_order":0,"comment_status":"closed","ping_status":"closed","template":"elementor_header_footer","meta":[],"yoast_head":"<!-- This site is optimized with the Yoast SEO plugin v19.13 - https:\/\/yoast.com\/wordpress\/plugins\/seo\/ -->\n<title>Contate-nos - Col\u00e9gio Gilberto Campelo<\/title>\n<meta name=\"robots\" content=\"index, follow, max-snippet:-1, max-image-preview:large, max-video-preview:-1\" \/>\n<link rel=\"canonical\" href=\"https:\/\/gilbertocampelo.com.br\/colegio\/contact-us\/\" \/>\n<meta property=\"og:locale\" content=\"pt_BR\" \/>\n<meta property=\"og:type\" content=\"article\" \/>\n<meta property=\"og:title\" content=\"Contate-nos - Col\u00e9gio Gilberto Campelo\" \/>\n<meta property=\"og:description\" content=\"Envie-nos uma mensagem: Localiza\u00e7\u00e3o: Av. Frei Serafim, 3302 Teresina-PI Telefone (86) 3085-2848 Email contato@gilbertocampelo.com.br Siga-nos: Facebook-f Instagram\" \/>\n<meta property=\"og:url\" content=\"https:\/\/gilbertocampelo.com.br\/colegio\/contact-us\/\" \/>\n<meta property=\"og:site_name\" content=\"Col\u00e9gio Gilberto Campelo\" \/>\n<meta property=\"article:modified_time\" content=\"2022-01-17T18:09:45+00:00\" \/>\n<meta name=\"twitter:card\" content=\"summary_large_image\" \/>\n<meta name=\"twitter:label1\" content=\"Est. tempo de leitura\" \/>\n\t<meta name=\"twitter:data1\" content=\"1 minuto\" \/>\n<script type=\"application\/ld+json\" class=\"yoast-schema-graph\">{\"@context\":\"https:\/\/schema.org\",\"@graph\":[{\"@type\":\"WebPage\",\"@id\":\"https:\/\/gilbertocampelo.com.br\/colegio\/contact-us\/\",\"url\":\"https:\/\/gilbertocampelo.com.br\/colegio\/contact-us\/\",\"name\":\"Contate-nos - Col\u00e9gio Gilberto Campelo\",\"isPartOf\":{\"@id\":\"https:\/\/gilbertocampelo.com.br\/colegio\/#website\"},\"datePublished\":\"2018-09-13T08:23:28+00:00\",\"dateModified\":\"2022-01-17T18:09:45+00:00\",\"breadcrumb\":{\"@id\":\"https:\/\/gilbertocampelo.com.br\/colegio\/contact-us\/#breadcrumb\"},\"inLanguage\":\"pt-BR\",\"potentialAction\":[{\"@type\":\"ReadAction\",\"target\":[\"https:\/\/gilbertocampelo.com.br\/colegio\/contact-us\/\"]}]},{\"@type\":\"BreadcrumbList\",\"@id\":\"https:\/\/gilbertocampelo.com.br\/colegio\/contact-us\/#breadcrumb\",\"itemListElement\":[{\"@type\":\"ListItem\",\"position\":1,\"name\":\"In\u00edcio\",\"item\":\"https:\/\/gilbertocampelo.com.br\/colegio\/\"},{\"@type\":\"ListItem\",\"position\":2,\"name\":\"Contate-nos\"}]},{\"@type\":\"WebSite\",\"@id\":\"https:\/\/gilbertocampelo.com.br\/colegio\/#website\",\"url\":\"https:\/\/gilbertocampelo.com.br\/colegio\/\",\"name\":\"Col\u00e9gio Gilberto Campelo\",\"description\":\"Ensino Fundamental, M\u00e9dio e Pr\u00e9-Enem\",\"publisher\":{\"@id\":\"https:\/\/gilbertocampelo.com.br\/colegio\/#organization\"},\"potentialAction\":[{\"@type\":\"SearchAction\",\"target\":{\"@type\":\"EntryPoint\",\"urlTemplate\":\"https:\/\/gilbertocampelo.com.br\/colegio\/?s={search_term_string}\"},\"query-input\":\"required name=search_term_string\"}],\"inLanguage\":\"pt-BR\"},{\"@type\":\"Organization\",\"@id\":\"https:\/\/gilbertocampelo.com.br\/colegio\/#organization\",\"name\":\"Col\u00e9gio Gilberto Campelo\",\"url\":\"https:\/\/gilbertocampelo.com.br\/colegio\/\",\"logo\":{\"@type\":\"ImageObject\",\"inLanguage\":\"pt-BR\",\"@id\":\"https:\/\/gilbertocampelo.com.br\/colegio\/#\/schema\/logo\/image\/\",\"url\":\"https:\/\/gilbertocampelo.com.br\/colegio\/wp-content\/uploads\/2020\/02\/logo-gc-quadrada-amarela.png\",\"contentUrl\":\"https:\/\/gilbertocampelo.com.br\/colegio\/wp-content\/uploads\/2020\/02\/logo-gc-quadrada-amarela.png\",\"width\":1126,\"height\":1126,\"caption\":\"Col\u00e9gio Gilberto Campelo\"},\"image\":{\"@id\":\"https:\/\/gilbertocampelo.com.br\/colegio\/#\/schema\/logo\/image\/\"}}]}<\/script>\n<!-- \/ Yoast SEO plugin. -->","yoast_head_json":{"title":"Contate-nos - Col\u00e9gio Gilberto Campelo","robots":{"index":"index","follow":"follow","max-snippet":"max-snippet:-1","max-image-preview":"max-image-preview:large","max-video-preview":"max-video-preview:-1"},"canonical":"https:\/\/gilbertocampelo.com.br\/colegio\/contact-us\/","og_locale":"pt_BR","og_type":"article","og_title":"Contate-nos - Col\u00e9gio Gilberto Campelo","og_description":"Envie-nos uma mensagem: Localiza\u00e7\u00e3o: Av. Frei Serafim, 3302 Teresina-PI Telefone (86) 3085-2848 Email contato@gilbertocampelo.com.br Siga-nos: Facebook-f Instagram","og_url":"https:\/\/gilbertocampelo.com.br\/colegio\/contact-us\/","og_site_name":"Col\u00e9gio Gilberto Campelo","article_modified_time":"2022-01-17T18:09:45+00:00","twitter_card":"summary_large_image","twitter_misc":{"Est. tempo de leitura":"1 minuto"},"schema":{"@context":"https:\/\/schema.org","@graph":[{"@type":"WebPage","@id":"https:\/\/gilbertocampelo.com.br\/colegio\/contact-us\/","url":"https:\/\/gilbertocampelo.com.br\/colegio\/contact-us\/","name":"Contate-nos - Col\u00e9gio Gilberto Campelo","isPartOf":{"@id":"https:\/\/gilbertocampelo.com.br\/colegio\/#website"},"datePublished":"2018-09-13T08:23:28+00:00","dateModified":"2022-01-17T18:09:45+00:00","breadcrumb":{"@id":"https:\/\/gilbertocampelo.com.br\/colegio\/contact-us\/#breadcrumb"},"inLanguage":"pt-BR","potentialAction":[{"@type":"ReadAction","target":["https:\/\/gilbertocampelo.com.br\/colegio\/contact-us\/"]}]},{"@type":"BreadcrumbList","@id":"https:\/\/gilbertocampelo.com.br\/colegio\/contact-us\/#breadcrumb","itemListElement":[{"@type":"ListItem","position":1,"name":"In\u00edcio","item":"https:\/\/gilbertocampelo.com.br\/colegio\/"},{"@type":"ListItem","position":2,"name":"Contate-nos"}]},{"@type":"WebSite","@id":"https:\/\/gilbertocampelo.com.br\/colegio\/#website","url":"https:\/\/gilbertocampelo.com.br\/colegio\/","name":"Col\u00e9gio Gilberto Campelo","description":"Ensino Fundamental, M\u00e9dio e Pr\u00e9-Enem","publisher":{"@id":"https:\/\/gilbertocampelo.com.br\/colegio\/#organization"},"potentialAction":[{"@type":"SearchAction","target":{"@type":"EntryPoint","urlTemplate":"https:\/\/gilbertocampelo.com.br\/colegio\/?s={search_term_string}"},"query-input":"required name=search_term_string"}],"inLanguage":"pt-BR"},{"@type":"Organization","@id":"https:\/\/gilbertocampelo.com.br\/colegio\/#organization","name":"Col\u00e9gio Gilberto Campelo","url":"https:\/\/gilbertocampelo.com.br\/colegio\/","logo":{"@type":"ImageObject","inLanguage":"pt-BR","@id":"https:\/\/gilbertocampelo.com.br\/colegio\/#\/schema\/logo\/image\/","url":"https:\/\/gilbertocampelo.com.br\/colegio\/wp-content\/uploads\/2020\/02\/logo-gc-quadrada-amarela.png","contentUrl":"https:\/\/gilbertocampelo.com.br\/colegio\/wp-content\/uploads\/2020\/02\/logo-gc-quadrada-amarela.png","width":1126,"height":1126,"caption":"Col\u00e9gio Gilberto Campelo"},"image":{"@id":"https:\/\/gilbertocampelo.com.br\/colegio\/#\/schema\/logo\/image\/"}}]}},"_links":{"self":[{"href":"https:\/\/gilbertocampelo.com.br\/colegio\/wp-json\/wp\/v2\/pages\/20"}],"collection":[{"href":"https:\/\/gilbertocampelo.com.br\/colegio\/wp-json\/wp\/v2\/pages"}],"about":[{"href":"https:\/\/gilbertocampelo.com.br\/colegio\/wp-json\/wp\/v2\/types\/page"}],"author":[{"embeddable":true,"href":"https:\/\/gilbertocampelo.com.br\/colegio\/wp-json\/wp\/v2\/users\/1"}],"replies":[{"embeddable":true,"href":"https:\/\/gilbertocampelo.com.br\/colegio\/wp-json\/wp\/v2\/comments?post=20"}],"version-history":[{"count":11,"href":"https:\/\/gilbertocampelo.com.br\/colegio\/wp-json\/wp\/v2\/pages\/20\/revisions"}],"predecessor-version":[{"id":2267,"href":"https:\/\/gilbertocampelo.com.br\/colegio\/wp-json\/wp\/v2\/pages\/20\/revisions\/2267"}],"wp:attachment":[{"href":"https:\/\/gilbertocampelo.com.br\/colegio\/wp-json\/wp\/v2\/media?parent=20"}],"curies":[{"name":"wp","href":"https:\/\/api.w.org\/{rel}","templated":true}]}}