{"id":1570,"date":"2021-01-21T16:01:01","date_gmt":"2021-01-21T19:01:01","guid":{"rendered":"https:\/\/gilbertocampelo.com.br\/colegio\/?page_id=1570"},"modified":"2021-01-25T10:32:14","modified_gmt":"2021-01-25T13:32:14","slug":"teste-bolsa-pre","status":"publish","type":"page","link":"https:\/\/gilbertocampelo.com.br\/colegio\/teste-bolsa-pre\/","title":{"rendered":"Teste-Bolsa Especx \/ ESA \/ AFA \/ Pr\u00e9-Enem\/Med Enem 2021"},"content":{"rendered":"\t\t<div data-elementor-type=\"wp-post\" data-elementor-id=\"1570\" class=\"elementor elementor-1570\">\n\t\t\t\t\t\t<div class=\"elementor-inner\">\n\t\t\t\t<div class=\"elementor-section-wrap\">\n\t\t\t\t\t\t\t\t\t<section class=\"elementor-section elementor-top-section elementor-element elementor-element-d574e70 elementor-section-boxed elementor-section-height-default elementor-section-height-default\" data-id=\"d574e70\" data-element_type=\"section\">\n\t\t\t\t\t\t<div class=\"elementor-container elementor-column-gap-default\">\n\t\t\t\t\t\t\t<div class=\"elementor-row\">\n\t\t\t\t\t<div class=\"elementor-column elementor-col-100 elementor-top-column elementor-element elementor-element-c74ec8a\" data-id=\"c74ec8a\" data-element_type=\"column\">\n\t\t\t<div class=\"elementor-column-wrap elementor-element-populated\">\n\t\t\t\t\t\t\t<div class=\"elementor-widget-wrap\">\n\t\t\t\t\t\t<section class=\"elementor-section elementor-inner-section elementor-element elementor-element-9cd8f8b elementor-section-boxed elementor-section-height-default elementor-section-height-default\" data-id=\"9cd8f8b\" data-element_type=\"section\">\n\t\t\t\t\t\t<div class=\"elementor-container elementor-column-gap-default\">\n\t\t\t\t\t\t\t<div class=\"elementor-row\">\n\t\t\t\t\t<div class=\"elementor-column elementor-col-100 elementor-inner-column elementor-element elementor-element-c6d837a\" data-id=\"c6d837a\" data-element_type=\"column\">\n\t\t\t<div class=\"elementor-column-wrap elementor-element-populated\">\n\t\t\t\t\t\t\t<div class=\"elementor-widget-wrap\">\n\t\t\t\t\t\t<div class=\"elementor-element elementor-element-c23261c elementor-button-success elementor-align-center elementor-widget elementor-widget-button\" data-id=\"c23261c\" data-element_type=\"widget\" data-widget_type=\"button.default\">\n\t\t\t\t<div class=\"elementor-widget-container\">\n\t\t\t\t\t<div class=\"elementor-button-wrapper\">\n\t\t\t<a href=\"https:\/\/api.whatsapp.com\/send?phone=5586981263792\" class=\"elementor-button-link elementor-button elementor-size-md\" role=\"button\">\n\t\t\t\t\t\t<span class=\"elementor-button-content-wrapper\">\n\t\t\t\t\t\t\t<span class=\"elementor-button-icon elementor-align-icon-left\">\n\t\t\t\t<i aria-hidden=\"true\" class=\"fab fa-whatsapp-square\"><\/i>\t\t\t<\/span>\n\t\t\t\t\t\t<span class=\"elementor-button-text\">D\u00favidas? envie-nos uma mensagem<\/span>\n\t\t<\/span>\n\t\t\t\t\t<\/a>\n\t\t<\/div>\n\t\t\t\t<\/div>\n\t\t\t\t<\/div>\n\t\t\t\t\t\t<\/div>\n\t\t\t\t\t<\/div>\n\t\t<\/div>\n\t\t\t\t\t\t\t\t<\/div>\n\t\t\t\t\t<\/div>\n\t\t<\/section>\n\t\t\t\t<section class=\"elementor-section elementor-inner-section elementor-element elementor-element-c2fea85 elementor-section-boxed elementor-section-height-default elementor-section-height-default\" data-id=\"c2fea85\" data-element_type=\"section\">\n\t\t\t\t\t\t<div class=\"elementor-container elementor-column-gap-default\">\n\t\t\t\t\t\t\t<div class=\"elementor-row\">\n\t\t\t\t\t<div class=\"elementor-column elementor-col-100 elementor-inner-column elementor-element elementor-element-ea96bbe\" data-id=\"ea96bbe\" data-element_type=\"column\">\n\t\t\t<div class=\"elementor-column-wrap elementor-element-populated\">\n\t\t\t\t\t\t\t<div class=\"elementor-widget-wrap\">\n\t\t\t\t\t\t<div class=\"elementor-element elementor-element-528c269 elementor-widget elementor-widget-text-editor\" data-id=\"528c269\" data-element_type=\"widget\" data-widget_type=\"text-editor.default\">\n\t\t\t\t<div class=\"elementor-widget-container\">\n\t\t\t\t\t\t\t\t<div class=\"elementor-text-editor elementor-clearfix\">\n\t\t\t\t<div class=\"col-lg-6\">\n<p><b>Per\u00edodo de Inscri\u00e7\u00f5es: <\/b>de 21\/01\/2021 at\u00e9 28\/01\/2021 \u00e0s 23:00hrs.<\/p>\n<p><b>Data: <strong>29<\/strong><\/b><strong>\/01\/2021<\/strong><\/p>\n<p><b>Hor\u00e1rio do teste:<\/b> \u00e0s 14h<\/p>\n<p>Teste Presencial<\/p>\n<p style=\"text-align: center;\"><a href=\"https:\/\/gilbertocampelo.com.br\/colegio\/wp-content\/uploads\/2020\/12\/Edital_8_Teste-BolsaENEM.pdf\" target=\"_blank\" rel=\"noopener\">clique aqui para acessar o edital<\/a><\/p>\n<p>Ao se inscrever no teste-bolsa o respons\u00e1vel declara que leu o edital e deseja continuar com a inscri\u00e7\u00e3o.&nbsp;<\/p>\n<\/div>\t\t\t\t\t<\/div>\n\t\t\t\t\t\t<\/div>\n\t\t\t\t<\/div>\n\t\t\t\t\t\t<\/div>\n\t\t\t\t\t<\/div>\n\t\t<\/div>\n\t\t\t\t\t\t\t\t<\/div>\n\t\t\t\t\t<\/div>\n\t\t<\/section>\n\t\t\t\t<section class=\"elementor-section elementor-inner-section elementor-element elementor-element-bd6f80d elementor-section-boxed elementor-section-height-default elementor-section-height-default\" data-id=\"bd6f80d\" data-element_type=\"section\">\n\t\t\t\t\t\t<div class=\"elementor-container elementor-column-gap-default\">\n\t\t\t\t\t\t\t<div class=\"elementor-row\">\n\t\t\t\t\t<div class=\"elementor-column elementor-col-100 elementor-inner-column elementor-element elementor-element-6d60a8e\" data-id=\"6d60a8e\" data-element_type=\"column\">\n\t\t\t<div class=\"elementor-column-wrap elementor-element-populated\">\n\t\t\t\t\t\t\t<div class=\"elementor-widget-wrap\">\n\t\t\t\t\t\t<div class=\"elementor-element elementor-element-8d1f5f1 elementor-widget elementor-widget-html\" data-id=\"8d1f5f1\" data-element_type=\"widget\" data-widget_type=\"html.default\">\n\t\t\t\t<div class=\"elementor-widget-container\">\n\t\t\t<iframe loading=\"lazy\" src=\"https:\/\/docs.google.com\/forms\/d\/e\/1FAIpQLSeFJaG9AS-1S92wi1RpGecY3fGYva0T1sNlFP9Ga3wapCmgag\/viewform?embedded=true\" width=\"640\" height=\"2107\" frameborder=\"0\" marginheight=\"0\" marginwidth=\"0\">Carregando\u2026<\/iframe>\t\t<\/div>\n\t\t\t\t<\/div>\n\t\t\t\t\t\t<\/div>\n\t\t\t\t\t<\/div>\n\t\t<\/div>\n\t\t\t\t\t\t\t\t<\/div>\n\t\t\t\t\t<\/div>\n\t\t<\/section>\n\t\t\t\t<section class=\"elementor-section elementor-inner-section elementor-element elementor-element-39a504d elementor-section-boxed elementor-section-height-default elementor-section-height-default\" data-id=\"39a504d\" data-element_type=\"section\" data-settings=\"{&quot;background_background&quot;:&quot;classic&quot;}\">\n\t\t\t\t\t\t<div class=\"elementor-container elementor-column-gap-default\">\n\t\t\t\t\t\t\t<div class=\"elementor-row\">\n\t\t\t\t\t<div class=\"elementor-column elementor-col-100 elementor-inner-column elementor-element elementor-element-3fb2078\" data-id=\"3fb2078\" data-element_type=\"column\">\n\t\t\t<div class=\"elementor-column-wrap elementor-element-populated\">\n\t\t\t\t\t\t\t<div class=\"elementor-widget-wrap\">\n\t\t\t\t\t\t<div class=\"elementor-element elementor-element-9efef05 elementor-widget elementor-widget-heading\" data-id=\"9efef05\" data-element_type=\"widget\" data-widget_type=\"heading.default\">\n\t\t\t\t<div class=\"elementor-widget-container\">\n\t\t\t<h2 class=\"elementor-heading-title elementor-size-default\">Local do Teste-Bolsa<\/h2>\t\t<\/div>\n\t\t\t\t<\/div>\n\t\t\t\t\t\t<\/div>\n\t\t\t\t\t<\/div>\n\t\t<\/div>\n\t\t\t\t\t\t\t\t<\/div>\n\t\t\t\t\t<\/div>\n\t\t<\/section>\n\t\t\t\t<section class=\"elementor-section elementor-inner-section elementor-element elementor-element-c52d064 elementor-section-boxed elementor-section-height-default elementor-section-height-default\" data-id=\"c52d064\" data-element_type=\"section\" data-settings=\"{&quot;background_background&quot;:&quot;classic&quot;}\">\n\t\t\t\t\t\t<div class=\"elementor-container elementor-column-gap-default\">\n\t\t\t\t\t\t\t<div class=\"elementor-row\">\n\t\t\t\t\t<div class=\"elementor-column elementor-col-100 elementor-inner-column elementor-element elementor-element-2509145\" data-id=\"2509145\" data-element_type=\"column\">\n\t\t\t<div class=\"elementor-column-wrap elementor-element-populated\">\n\t\t\t\t\t\t\t<div class=\"elementor-widget-wrap\">\n\t\t\t\t\t\t<div class=\"elementor-element elementor-element-04fae86 elementor-widget elementor-widget-google_maps\" data-id=\"04fae86\" data-element_type=\"widget\" data-widget_type=\"google_maps.default\">\n\t\t\t\t<div class=\"elementor-widget-container\">\n\t\t\t\t\t<div class=\"elementor-custom-embed\">\n\t\t\t<iframe frameborder=\"0\" scrolling=\"no\" marginheight=\"0\" marginwidth=\"0\"\n\t\t\t\t\tsrc=\"https:\/\/maps.google.com\/maps?q=Av%20frei%20serafim%202077&#038;t=m&#038;z=16&#038;output=embed&#038;iwloc=near\"\n\t\t\t\t\ttitle=\"Av frei serafim 2077\"\n\t\t\t\t\taria-label=\"Av frei serafim 2077\"\n\t\t\t><\/iframe>\n\t\t<\/div>\n\t\t\t\t<\/div>\n\t\t\t\t<\/div>\n\t\t\t\t\t\t<\/div>\n\t\t\t\t\t<\/div>\n\t\t<\/div>\n\t\t\t\t\t\t\t\t<\/div>\n\t\t\t\t\t<\/div>\n\t\t<\/section>\n\t\t\t\t\t\t<\/div>\n\t\t\t\t\t<\/div>\n\t\t<\/div>\n\t\t\t\t\t\t\t\t<\/div>\n\t\t\t\t\t<\/div>\n\t\t<\/section>\n\t\t\t\t<section class=\"elementor-section elementor-top-section elementor-element elementor-element-75b14f8 elementor-section-boxed elementor-section-height-default elementor-section-height-default\" data-id=\"75b14f8\" data-element_type=\"section\">\n\t\t\t\t\t\t<div class=\"elementor-container elementor-column-gap-default\">\n\t\t\t\t\t\t\t<div class=\"elementor-row\">\n\t\t\t\t\t<div class=\"elementor-column elementor-col-100 elementor-top-column elementor-element elementor-element-0c080e9\" data-id=\"0c080e9\" data-element_type=\"column\">\n\t\t\t<div class=\"elementor-column-wrap elementor-element-populated\">\n\t\t\t\t\t\t\t<div class=\"elementor-widget-wrap\">\n\t\t\t\t\t\t<div class=\"elementor-element elementor-element-ef787f2 elementor-widget elementor-widget-menu-anchor\" data-id=\"ef787f2\" data-element_type=\"widget\" data-widget_type=\"menu-anchor.default\">\n\t\t\t\t<div class=\"elementor-widget-container\">\n\t\t\t\t\t<div id=\"passadas\" class=\"elementor-menu-anchor\"><\/div>\n\t\t\t\t<\/div>\n\t\t\t\t<\/div>\n\t\t\t\t\t\t<\/div>\n\t\t\t\t\t<\/div>\n\t\t<\/div>\n\t\t\t\t\t\t\t\t<\/div>\n\t\t\t\t\t<\/div>\n\t\t<\/section>\n\t\t\t\t\t\t\t\t\t<\/div>\n\t\t\t<\/div>\n\t\t\t\t\t<\/div>\n\t\t","protected":false},"excerpt":{"rendered":"<p>D\u00favidas? envie-nos uma mensagem Per\u00edodo de Inscri\u00e7\u00f5es: de 21\/01\/2021 at\u00e9 28\/01\/2021 \u00e0s 23:00hrs. Data: 29\/01\/2021 Hor\u00e1rio do teste: \u00e0s 14h Teste Presencial clique aqui para acessar o edital Ao se inscrever no teste-bolsa o respons\u00e1vel declara que leu o edital e deseja continuar com a inscri\u00e7\u00e3o.&nbsp; Carregando\u2026 Local do Teste-Bolsa<\/p>\n","protected":false},"author":1,"featured_media":0,"parent":0,"menu_order":0,"comment_status":"closed","ping_status":"closed","template":"","meta":[],"yoast_head":"<!-- This site is optimized with the Yoast SEO plugin v19.13 - https:\/\/yoast.com\/wordpress\/plugins\/seo\/ -->\n<title>Teste-Bolsa Especx \/ ESA \/ AFA \/ Pr\u00e9-Enem\/Med Enem 2021 - Col\u00e9gio Gilberto Campelo<\/title>\n<meta name=\"robots\" content=\"index, follow, max-snippet:-1, max-image-preview:large, max-video-preview:-1\" \/>\n<link rel=\"canonical\" href=\"https:\/\/gilbertocampelo.com.br\/colegio\/teste-bolsa-pre\/\" \/>\n<meta property=\"og:locale\" content=\"pt_BR\" \/>\n<meta property=\"og:type\" content=\"article\" \/>\n<meta property=\"og:title\" content=\"Teste-Bolsa Especx \/ ESA \/ AFA \/ Pr\u00e9-Enem\/Med Enem 2021 - Col\u00e9gio Gilberto Campelo\" \/>\n<meta property=\"og:description\" content=\"D\u00favidas? envie-nos uma mensagem Per\u00edodo de Inscri\u00e7\u00f5es: de 21\/01\/2021 at\u00e9 28\/01\/2021 \u00e0s 23:00hrs. Data: 29\/01\/2021 Hor\u00e1rio do teste: \u00e0s 14h Teste Presencial clique aqui para acessar o edital Ao se inscrever no teste-bolsa o respons\u00e1vel declara que leu o edital e deseja continuar com a inscri\u00e7\u00e3o.&nbsp; Carregando\u2026 Local do Teste-Bolsa\" \/>\n<meta property=\"og:url\" content=\"https:\/\/gilbertocampelo.com.br\/colegio\/teste-bolsa-pre\/\" \/>\n<meta property=\"og:site_name\" content=\"Col\u00e9gio Gilberto Campelo\" \/>\n<meta property=\"article:modified_time\" content=\"2021-01-25T13:32:14+00:00\" \/>\n<meta name=\"twitter:card\" content=\"summary_large_image\" \/>\n<script type=\"application\/ld+json\" class=\"yoast-schema-graph\">{\"@context\":\"https:\/\/schema.org\",\"@graph\":[{\"@type\":\"WebPage\",\"@id\":\"https:\/\/gilbertocampelo.com.br\/colegio\/teste-bolsa-pre\/\",\"url\":\"https:\/\/gilbertocampelo.com.br\/colegio\/teste-bolsa-pre\/\",\"name\":\"Teste-Bolsa Especx \/ ESA \/ AFA \/ Pr\u00e9-Enem\/Med Enem 2021 - Col\u00e9gio Gilberto Campelo\",\"isPartOf\":{\"@id\":\"https:\/\/gilbertocampelo.com.br\/colegio\/#website\"},\"datePublished\":\"2021-01-21T19:01:01+00:00\",\"dateModified\":\"2021-01-25T13:32:14+00:00\",\"breadcrumb\":{\"@id\":\"https:\/\/gilbertocampelo.com.br\/colegio\/teste-bolsa-pre\/#breadcrumb\"},\"inLanguage\":\"pt-BR\",\"potentialAction\":[{\"@type\":\"ReadAction\",\"target\":[\"https:\/\/gilbertocampelo.com.br\/colegio\/teste-bolsa-pre\/\"]}]},{\"@type\":\"BreadcrumbList\",\"@id\":\"https:\/\/gilbertocampelo.com.br\/colegio\/teste-bolsa-pre\/#breadcrumb\",\"itemListElement\":[{\"@type\":\"ListItem\",\"position\":1,\"name\":\"In\u00edcio\",\"item\":\"https:\/\/gilbertocampelo.com.br\/colegio\/\"},{\"@type\":\"ListItem\",\"position\":2,\"name\":\"Teste-Bolsa Especx \/ ESA \/ AFA \/ Pr\u00e9-Enem\/Med Enem 2021\"}]},{\"@type\":\"WebSite\",\"@id\":\"https:\/\/gilbertocampelo.com.br\/colegio\/#website\",\"url\":\"https:\/\/gilbertocampelo.com.br\/colegio\/\",\"name\":\"Col\u00e9gio Gilberto Campelo\",\"description\":\"Ensino Fundamental, M\u00e9dio e Pr\u00e9-Enem\",\"publisher\":{\"@id\":\"https:\/\/gilbertocampelo.com.br\/colegio\/#organization\"},\"potentialAction\":[{\"@type\":\"SearchAction\",\"target\":{\"@type\":\"EntryPoint\",\"urlTemplate\":\"https:\/\/gilbertocampelo.com.br\/colegio\/?s={search_term_string}\"},\"query-input\":\"required name=search_term_string\"}],\"inLanguage\":\"pt-BR\"},{\"@type\":\"Organization\",\"@id\":\"https:\/\/gilbertocampelo.com.br\/colegio\/#organization\",\"name\":\"Col\u00e9gio Gilberto Campelo\",\"url\":\"https:\/\/gilbertocampelo.com.br\/colegio\/\",\"logo\":{\"@type\":\"ImageObject\",\"inLanguage\":\"pt-BR\",\"@id\":\"https:\/\/gilbertocampelo.com.br\/colegio\/#\/schema\/logo\/image\/\",\"url\":\"https:\/\/gilbertocampelo.com.br\/colegio\/wp-content\/uploads\/2020\/02\/logo-gc-quadrada-amarela.png\",\"contentUrl\":\"https:\/\/gilbertocampelo.com.br\/colegio\/wp-content\/uploads\/2020\/02\/logo-gc-quadrada-amarela.png\",\"width\":1126,\"height\":1126,\"caption\":\"Col\u00e9gio Gilberto Campelo\"},\"image\":{\"@id\":\"https:\/\/gilbertocampelo.com.br\/colegio\/#\/schema\/logo\/image\/\"}}]}<\/script>\n<!-- \/ Yoast SEO plugin. -->","yoast_head_json":{"title":"Teste-Bolsa Especx \/ ESA \/ AFA \/ Pr\u00e9-Enem\/Med Enem 2021 - Col\u00e9gio Gilberto Campelo","robots":{"index":"index","follow":"follow","max-snippet":"max-snippet:-1","max-image-preview":"max-image-preview:large","max-video-preview":"max-video-preview:-1"},"canonical":"https:\/\/gilbertocampelo.com.br\/colegio\/teste-bolsa-pre\/","og_locale":"pt_BR","og_type":"article","og_title":"Teste-Bolsa Especx \/ ESA \/ AFA \/ Pr\u00e9-Enem\/Med Enem 2021 - Col\u00e9gio Gilberto Campelo","og_description":"D\u00favidas? envie-nos uma mensagem Per\u00edodo de Inscri\u00e7\u00f5es: de 21\/01\/2021 at\u00e9 28\/01\/2021 \u00e0s 23:00hrs. Data: 29\/01\/2021 Hor\u00e1rio do teste: \u00e0s 14h Teste Presencial clique aqui para acessar o edital Ao se inscrever no teste-bolsa o respons\u00e1vel declara que leu o edital e deseja continuar com a inscri\u00e7\u00e3o.&nbsp; Carregando\u2026 Local do Teste-Bolsa","og_url":"https:\/\/gilbertocampelo.com.br\/colegio\/teste-bolsa-pre\/","og_site_name":"Col\u00e9gio Gilberto Campelo","article_modified_time":"2021-01-25T13:32:14+00:00","twitter_card":"summary_large_image","schema":{"@context":"https:\/\/schema.org","@graph":[{"@type":"WebPage","@id":"https:\/\/gilbertocampelo.com.br\/colegio\/teste-bolsa-pre\/","url":"https:\/\/gilbertocampelo.com.br\/colegio\/teste-bolsa-pre\/","name":"Teste-Bolsa Especx \/ ESA \/ AFA \/ Pr\u00e9-Enem\/Med Enem 2021 - Col\u00e9gio Gilberto Campelo","isPartOf":{"@id":"https:\/\/gilbertocampelo.com.br\/colegio\/#website"},"datePublished":"2021-01-21T19:01:01+00:00","dateModified":"2021-01-25T13:32:14+00:00","breadcrumb":{"@id":"https:\/\/gilbertocampelo.com.br\/colegio\/teste-bolsa-pre\/#breadcrumb"},"inLanguage":"pt-BR","potentialAction":[{"@type":"ReadAction","target":["https:\/\/gilbertocampelo.com.br\/colegio\/teste-bolsa-pre\/"]}]},{"@type":"BreadcrumbList","@id":"https:\/\/gilbertocampelo.com.br\/colegio\/teste-bolsa-pre\/#breadcrumb","itemListElement":[{"@type":"ListItem","position":1,"name":"In\u00edcio","item":"https:\/\/gilbertocampelo.com.br\/colegio\/"},{"@type":"ListItem","position":2,"name":"Teste-Bolsa Especx \/ ESA \/ AFA \/ Pr\u00e9-Enem\/Med Enem 2021"}]},{"@type":"WebSite","@id":"https:\/\/gilbertocampelo.com.br\/colegio\/#website","url":"https:\/\/gilbertocampelo.com.br\/colegio\/","name":"Col\u00e9gio Gilberto Campelo","description":"Ensino Fundamental, M\u00e9dio e Pr\u00e9-Enem","publisher":{"@id":"https:\/\/gilbertocampelo.com.br\/colegio\/#organization"},"potentialAction":[{"@type":"SearchAction","target":{"@type":"EntryPoint","urlTemplate":"https:\/\/gilbertocampelo.com.br\/colegio\/?s={search_term_string}"},"query-input":"required name=search_term_string"}],"inLanguage":"pt-BR"},{"@type":"Organization","@id":"https:\/\/gilbertocampelo.com.br\/colegio\/#organization","name":"Col\u00e9gio Gilberto Campelo","url":"https:\/\/gilbertocampelo.com.br\/colegio\/","logo":{"@type":"ImageObject","inLanguage":"pt-BR","@id":"https:\/\/gilbertocampelo.com.br\/colegio\/#\/schema\/logo\/image\/","url":"https:\/\/gilbertocampelo.com.br\/colegio\/wp-content\/uploads\/2020\/02\/logo-gc-quadrada-amarela.png","contentUrl":"https:\/\/gilbertocampelo.com.br\/colegio\/wp-content\/uploads\/2020\/02\/logo-gc-quadrada-amarela.png","width":1126,"height":1126,"caption":"Col\u00e9gio Gilberto Campelo"},"image":{"@id":"https:\/\/gilbertocampelo.com.br\/colegio\/#\/schema\/logo\/image\/"}}]}},"_links":{"self":[{"href":"https:\/\/gilbertocampelo.com.br\/colegio\/wp-json\/wp\/v2\/pages\/1570"}],"collection":[{"href":"https:\/\/gilbertocampelo.com.br\/colegio\/wp-json\/wp\/v2\/pages"}],"about":[{"href":"https:\/\/gilbertocampelo.com.br\/colegio\/wp-json\/wp\/v2\/types\/page"}],"author":[{"embeddable":true,"href":"https:\/\/gilbertocampelo.com.br\/colegio\/wp-json\/wp\/v2\/users\/1"}],"replies":[{"embeddable":true,"href":"https:\/\/gilbertocampelo.com.br\/colegio\/wp-json\/wp\/v2\/comments?post=1570"}],"version-history":[{"count":7,"href":"https:\/\/gilbertocampelo.com.br\/colegio\/wp-json\/wp\/v2\/pages\/1570\/revisions"}],"predecessor-version":[{"id":1578,"href":"https:\/\/gilbertocampelo.com.br\/colegio\/wp-json\/wp\/v2\/pages\/1570\/revisions\/1578"}],"wp:attachment":[{"href":"https:\/\/gilbertocampelo.com.br\/colegio\/wp-json\/wp\/v2\/media?parent=1570"}],"curies":[{"name":"wp","href":"https:\/\/api.w.org\/{rel}","templated":true}]}}