{"id":1173,"date":"2020-06-07T22:09:29","date_gmt":"2020-06-08T01:09:29","guid":{"rendered":"https:\/\/gilbertocampelo.com.br\/colegio\/?page_id=1173"},"modified":"2020-06-07T22:18:04","modified_gmt":"2020-06-08T01:18:04","slug":"ava","status":"publish","type":"page","link":"https:\/\/gilbertocampelo.com.br\/colegio\/ava\/","title":{"rendered":"Ambiente Virtual de Aprendizagem &#8211; AVA"},"content":{"rendered":"\t\t<div data-elementor-type=\"wp-page\" data-elementor-id=\"1173\" class=\"elementor elementor-1173\">\n\t\t\t\t\t\t<div class=\"elementor-inner\">\n\t\t\t\t<div class=\"elementor-section-wrap\">\n\t\t\t\t\t\t\t\t\t<section class=\"elementor-section elementor-top-section elementor-element elementor-element-df3c6c2 elementor-section-full_width elementor-section-height-default elementor-section-height-default\" data-id=\"df3c6c2\" data-element_type=\"section\">\n\t\t\t\t\t\t<div class=\"elementor-container elementor-column-gap-default\">\n\t\t\t\t\t\t\t<div class=\"elementor-row\">\n\t\t\t\t\t<div class=\"elementor-column elementor-col-100 elementor-top-column elementor-element elementor-element-d451bd6\" data-id=\"d451bd6\" data-element_type=\"column\">\n\t\t\t<div class=\"elementor-column-wrap elementor-element-populated\">\n\t\t\t\t\t\t\t<div class=\"elementor-widget-wrap\">\n\t\t\t\t\t\t<section class=\"elementor-section elementor-inner-section elementor-element elementor-element-d3e44c5 elementor-section-boxed elementor-section-height-default elementor-section-height-default\" data-id=\"d3e44c5\" data-element_type=\"section\">\n\t\t\t\t\t\t<div class=\"elementor-container elementor-column-gap-default\">\n\t\t\t\t\t\t\t<div class=\"elementor-row\">\n\t\t\t\t\t<div class=\"elementor-column elementor-col-50 elementor-inner-column elementor-element elementor-element-bb993ff\" data-id=\"bb993ff\" data-element_type=\"column\" data-settings=\"{&quot;background_background&quot;:&quot;classic&quot;}\">\n\t\t\t<div class=\"elementor-column-wrap elementor-element-populated\">\n\t\t\t\t\t\t\t<div class=\"elementor-widget-wrap\">\n\t\t\t\t\t\t<div class=\"elementor-element elementor-element-41b4db5 elementor-view-default elementor-mobile-position-top elementor-vertical-align-top elementor-widget elementor-widget-icon-box\" data-id=\"41b4db5\" data-element_type=\"widget\" data-widget_type=\"icon-box.default\">\n\t\t\t\t<div class=\"elementor-widget-container\">\n\t\t\t\t\t<div class=\"elementor-icon-box-wrapper\">\n\t\t\t\t\t\t<div class=\"elementor-icon-box-icon\">\n\t\t\t\t<a class=\"elementor-icon elementor-animation-pop\" href=\"https:\/\/gilbertocampelo.com.br\/colegio\/ava-professores\/\">\n\t\t\t\t<i aria-hidden=\"true\" class=\"fas fa-chalkboard-teacher\"><\/i>\t\t\t\t<\/a>\n\t\t\t<\/div>\n\t\t\t\t\t\t<div class=\"elementor-icon-box-content\">\n\t\t\t\t<h3 class=\"elementor-icon-box-title\">\n\t\t\t\t\t<a href=\"https:\/\/gilbertocampelo.com.br\/colegio\/ava-professores\/\" >\n\t\t\t\t\t\tAcesso para Professores\t\t\t\t\t<\/a>\n\t\t\t\t<\/h3>\n\t\t\t\t\t\t\t<\/div>\n\t\t<\/div>\n\t\t\t\t<\/div>\n\t\t\t\t<\/div>\n\t\t\t\t\t\t<\/div>\n\t\t\t\t\t<\/div>\n\t\t<\/div>\n\t\t\t\t<div class=\"elementor-column elementor-col-50 elementor-inner-column elementor-element elementor-element-8a72a08\" data-id=\"8a72a08\" data-element_type=\"column\" data-settings=\"{&quot;background_background&quot;:&quot;classic&quot;}\">\n\t\t\t<div class=\"elementor-column-wrap elementor-element-populated\">\n\t\t\t\t\t\t\t<div class=\"elementor-widget-wrap\">\n\t\t\t\t\t\t<div class=\"elementor-element elementor-element-9a05396 elementor-view-default elementor-mobile-position-top elementor-vertical-align-top elementor-widget elementor-widget-icon-box\" data-id=\"9a05396\" data-element_type=\"widget\" data-widget_type=\"icon-box.default\">\n\t\t\t\t<div class=\"elementor-widget-container\">\n\t\t\t\t\t<div class=\"elementor-icon-box-wrapper\">\n\t\t\t\t\t\t<div class=\"elementor-icon-box-icon\">\n\t\t\t\t<a class=\"elementor-icon elementor-animation-pop\" href=\"https:\/\/gilbertocampelo.com.br\/alunoonline\/\">\n\t\t\t\t<i aria-hidden=\"true\" class=\"fas fa-child\"><\/i>\t\t\t\t<\/a>\n\t\t\t<\/div>\n\t\t\t\t\t\t<div class=\"elementor-icon-box-content\">\n\t\t\t\t<h3 class=\"elementor-icon-box-title\">\n\t\t\t\t\t<a href=\"https:\/\/gilbertocampelo.com.br\/alunoonline\/\" >\n\t\t\t\t\t\tAcesso para alunos\t\t\t\t\t<\/a>\n\t\t\t\t<\/h3>\n\t\t\t\t\t\t\t<\/div>\n\t\t<\/div>\n\t\t\t\t<\/div>\n\t\t\t\t<\/div>\n\t\t\t\t\t\t<\/div>\n\t\t\t\t\t<\/div>\n\t\t<\/div>\n\t\t\t\t\t\t\t\t<\/div>\n\t\t\t\t\t<\/div>\n\t\t<\/section>\n\t\t\t\t<div class=\"elementor-element elementor-element-c884024 elementor-widget elementor-widget-text-editor\" data-id=\"c884024\" data-element_type=\"widget\" data-widget_type=\"text-editor.default\">\n\t\t\t\t<div class=\"elementor-widget-container\">\n\t\t\t\t\t\t\t\t<div class=\"elementor-text-editor elementor-clearfix\">\n\t\t\t\t<p>Para assistir aula em seu smartphone \u00e9 necess\u00e1rio o app Hangouts Meet. Dispon\u00edvel para download nos links abaixo.<\/p>\t\t\t\t\t<\/div>\n\t\t\t\t\t\t<\/div>\n\t\t\t\t<\/div>\n\t\t\t\t<section class=\"elementor-section elementor-inner-section elementor-element elementor-element-c37843d elementor-section-boxed elementor-section-height-default elementor-section-height-default\" data-id=\"c37843d\" data-element_type=\"section\">\n\t\t\t\t\t\t<div class=\"elementor-container elementor-column-gap-default\">\n\t\t\t\t\t\t\t<div class=\"elementor-row\">\n\t\t\t\t\t<div class=\"elementor-column elementor-col-25 elementor-inner-column elementor-element elementor-element-4f69ebb\" data-id=\"4f69ebb\" data-element_type=\"column\">\n\t\t\t<div class=\"elementor-column-wrap\">\n\t\t\t\t\t\t\t<div class=\"elementor-widget-wrap\">\n\t\t\t\t\t\t\t\t<\/div>\n\t\t\t\t\t<\/div>\n\t\t<\/div>\n\t\t\t\t<div class=\"elementor-column elementor-col-25 elementor-inner-column elementor-element elementor-element-81f4523\" data-id=\"81f4523\" data-element_type=\"column\">\n\t\t\t<div class=\"elementor-column-wrap elementor-element-populated\">\n\t\t\t\t\t\t\t<div class=\"elementor-widget-wrap\">\n\t\t\t\t\t\t<div class=\"elementor-element elementor-element-552f8dd elementor-position-left elementor-view-default elementor-mobile-position-top elementor-vertical-align-top elementor-widget elementor-widget-icon-box\" data-id=\"552f8dd\" data-element_type=\"widget\" data-widget_type=\"icon-box.default\">\n\t\t\t\t<div class=\"elementor-widget-container\">\n\t\t\t\t\t<div class=\"elementor-icon-box-wrapper\">\n\t\t\t\t\t\t<div class=\"elementor-icon-box-icon\">\n\t\t\t\t<a class=\"elementor-icon elementor-animation-\" href=\"https:\/\/apps.apple.com\/br\/app\/hangouts-meet-do-google\/id1013231476\" target=\"_blank\">\n\t\t\t\t<i aria-hidden=\"true\" class=\"fab fa-app-store-ios\"><\/i>\t\t\t\t<\/a>\n\t\t\t<\/div>\n\t\t\t\t\t\t<div class=\"elementor-icon-box-content\">\n\t\t\t\t<h5 class=\"elementor-icon-box-title\">\n\t\t\t\t\t<a href=\"https:\/\/apps.apple.com\/br\/app\/hangouts-meet-do-google\/id1013231476\" target=\"_blank\" >\n\t\t\t\t\t\t App Store\t\t\t\t\t<\/a>\n\t\t\t\t<\/h5>\n\t\t\t\t\t\t\t\t\t<p class=\"elementor-icon-box-description\">\n\t\t\t\t\t\t(Iphone e Ipad)\t\t\t\t\t<\/p>\n\t\t\t\t\t\t\t<\/div>\n\t\t<\/div>\n\t\t\t\t<\/div>\n\t\t\t\t<\/div>\n\t\t\t\t\t\t<\/div>\n\t\t\t\t\t<\/div>\n\t\t<\/div>\n\t\t\t\t<div class=\"elementor-column elementor-col-25 elementor-inner-column elementor-element elementor-element-ed9d140\" data-id=\"ed9d140\" data-element_type=\"column\">\n\t\t\t<div class=\"elementor-column-wrap elementor-element-populated\">\n\t\t\t\t\t\t\t<div class=\"elementor-widget-wrap\">\n\t\t\t\t\t\t<div class=\"elementor-element elementor-element-8d3dbe5 elementor-position-left elementor-view-default elementor-mobile-position-top elementor-vertical-align-top elementor-widget elementor-widget-icon-box\" data-id=\"8d3dbe5\" data-element_type=\"widget\" data-widget_type=\"icon-box.default\">\n\t\t\t\t<div class=\"elementor-widget-container\">\n\t\t\t\t\t<div class=\"elementor-icon-box-wrapper\">\n\t\t\t\t\t\t<div class=\"elementor-icon-box-icon\">\n\t\t\t\t<a class=\"elementor-icon elementor-animation-\" href=\"https:\/\/play.google.com\/store\/apps\/details?id=com.google.android.apps.meetings&#038;hl=pt_BR\" target=\"_blank\">\n\t\t\t\t<i aria-hidden=\"true\" class=\"fab fa-google-play\"><\/i>\t\t\t\t<\/a>\n\t\t\t<\/div>\n\t\t\t\t\t\t<div class=\"elementor-icon-box-content\">\n\t\t\t\t<h3 class=\"elementor-icon-box-title\">\n\t\t\t\t\t<a href=\"https:\/\/play.google.com\/store\/apps\/details?id=com.google.android.apps.meetings&#038;hl=pt_BR\" target=\"_blank\" >\n\t\t\t\t\t\tGoogle Play Store\t\t\t\t\t<\/a>\n\t\t\t\t<\/h3>\n\t\t\t\t\t\t\t\t\t<p class=\"elementor-icon-box-description\">\n\t\t\t\t\t\t(Smartphones\/Tablets Android)\t\t\t\t\t<\/p>\n\t\t\t\t\t\t\t<\/div>\n\t\t<\/div>\n\t\t\t\t<\/div>\n\t\t\t\t<\/div>\n\t\t\t\t\t\t<\/div>\n\t\t\t\t\t<\/div>\n\t\t<\/div>\n\t\t\t\t<div class=\"elementor-column elementor-col-25 elementor-inner-column elementor-element elementor-element-baf89c6\" data-id=\"baf89c6\" data-element_type=\"column\">\n\t\t\t<div class=\"elementor-column-wrap\">\n\t\t\t\t\t\t\t<div class=\"elementor-widget-wrap\">\n\t\t\t\t\t\t\t\t<\/div>\n\t\t\t\t\t<\/div>\n\t\t<\/div>\n\t\t\t\t\t\t\t\t<\/div>\n\t\t\t\t\t<\/div>\n\t\t<\/section>\n\t\t\t\t<div class=\"elementor-element elementor-element-5630b94 elementor-widget-divider--view-line elementor-widget elementor-widget-divider\" data-id=\"5630b94\" data-element_type=\"widget\" data-widget_type=\"divider.default\">\n\t\t\t\t<div class=\"elementor-widget-container\">\n\t\t\t\t\t<div class=\"elementor-divider\">\n\t\t\t<span class=\"elementor-divider-separator\">\n\t\t\t\t\t\t<\/span>\n\t\t<\/div>\n\t\t\t\t<\/div>\n\t\t\t\t<\/div>\n\t\t\t\t\t\t<\/div>\n\t\t\t\t\t<\/div>\n\t\t<\/div>\n\t\t\t\t\t\t\t\t<\/div>\n\t\t\t\t\t<\/div>\n\t\t<\/section>\n\t\t\t\t<section class=\"elementor-section elementor-top-section elementor-element elementor-element-164b8d9 elementor-section-boxed elementor-section-height-default elementor-section-height-default\" data-id=\"164b8d9\" data-element_type=\"section\">\n\t\t\t\t\t\t<div class=\"elementor-container elementor-column-gap-default\">\n\t\t\t\t\t\t\t<div class=\"elementor-row\">\n\t\t\t\t\t<div class=\"elementor-column elementor-col-100 elementor-top-column elementor-element elementor-element-9202e2f\" data-id=\"9202e2f\" data-element_type=\"column\">\n\t\t\t<div class=\"elementor-column-wrap\">\n\t\t\t\t\t\t\t<div class=\"elementor-widget-wrap\">\n\t\t\t\t\t\t\t\t<\/div>\n\t\t\t\t\t<\/div>\n\t\t<\/div>\n\t\t\t\t\t\t\t\t<\/div>\n\t\t\t\t\t<\/div>\n\t\t<\/section>\n\t\t\t\t\t\t\t\t\t<\/div>\n\t\t\t<\/div>\n\t\t\t\t\t<\/div>\n\t\t","protected":false},"excerpt":{"rendered":"<p>Acesso para Professores Acesso para alunos Para assistir aula em seu smartphone \u00e9 necess\u00e1rio o app Hangouts Meet. Dispon\u00edvel para download nos links abaixo. App Store (Iphone e Ipad) Google Play Store (Smartphones\/Tablets Android)<\/p>\n","protected":false},"author":1,"featured_media":0,"parent":0,"menu_order":0,"comment_status":"closed","ping_status":"closed","template":"elementor_header_footer","meta":[],"yoast_head":"<!-- This site is optimized with the Yoast SEO plugin v19.13 - https:\/\/yoast.com\/wordpress\/plugins\/seo\/ -->\n<title>Ambiente Virtual de Aprendizagem - AVA - Col\u00e9gio Gilberto Campelo<\/title>\n<meta name=\"robots\" content=\"index, follow, max-snippet:-1, max-image-preview:large, max-video-preview:-1\" \/>\n<link rel=\"canonical\" href=\"https:\/\/gilbertocampelo.com.br\/colegio\/ava\/\" \/>\n<meta property=\"og:locale\" content=\"pt_BR\" \/>\n<meta property=\"og:type\" content=\"article\" \/>\n<meta property=\"og:title\" content=\"Ambiente Virtual de Aprendizagem - AVA - Col\u00e9gio Gilberto Campelo\" \/>\n<meta property=\"og:description\" content=\"Acesso para Professores Acesso para alunos Para assistir aula em seu smartphone \u00e9 necess\u00e1rio o app Hangouts Meet. Dispon\u00edvel para download nos links abaixo. App Store (Iphone e Ipad) Google Play Store (Smartphones\/Tablets Android)\" \/>\n<meta property=\"og:url\" content=\"https:\/\/gilbertocampelo.com.br\/colegio\/ava\/\" \/>\n<meta property=\"og:site_name\" content=\"Col\u00e9gio Gilberto Campelo\" \/>\n<meta property=\"article:modified_time\" content=\"2020-06-08T01:18:04+00:00\" \/>\n<meta name=\"twitter:card\" content=\"summary_large_image\" \/>\n<script type=\"application\/ld+json\" class=\"yoast-schema-graph\">{\"@context\":\"https:\/\/schema.org\",\"@graph\":[{\"@type\":\"WebPage\",\"@id\":\"https:\/\/gilbertocampelo.com.br\/colegio\/ava\/\",\"url\":\"https:\/\/gilbertocampelo.com.br\/colegio\/ava\/\",\"name\":\"Ambiente Virtual de Aprendizagem - AVA - Col\u00e9gio Gilberto Campelo\",\"isPartOf\":{\"@id\":\"https:\/\/gilbertocampelo.com.br\/colegio\/#website\"},\"datePublished\":\"2020-06-08T01:09:29+00:00\",\"dateModified\":\"2020-06-08T01:18:04+00:00\",\"breadcrumb\":{\"@id\":\"https:\/\/gilbertocampelo.com.br\/colegio\/ava\/#breadcrumb\"},\"inLanguage\":\"pt-BR\",\"potentialAction\":[{\"@type\":\"ReadAction\",\"target\":[\"https:\/\/gilbertocampelo.com.br\/colegio\/ava\/\"]}]},{\"@type\":\"BreadcrumbList\",\"@id\":\"https:\/\/gilbertocampelo.com.br\/colegio\/ava\/#breadcrumb\",\"itemListElement\":[{\"@type\":\"ListItem\",\"position\":1,\"name\":\"In\u00edcio\",\"item\":\"https:\/\/gilbertocampelo.com.br\/colegio\/\"},{\"@type\":\"ListItem\",\"position\":2,\"name\":\"Ambiente Virtual de Aprendizagem &#8211; AVA\"}]},{\"@type\":\"WebSite\",\"@id\":\"https:\/\/gilbertocampelo.com.br\/colegio\/#website\",\"url\":\"https:\/\/gilbertocampelo.com.br\/colegio\/\",\"name\":\"Col\u00e9gio Gilberto Campelo\",\"description\":\"Ensino Fundamental, M\u00e9dio e Pr\u00e9-Enem\",\"publisher\":{\"@id\":\"https:\/\/gilbertocampelo.com.br\/colegio\/#organization\"},\"potentialAction\":[{\"@type\":\"SearchAction\",\"target\":{\"@type\":\"EntryPoint\",\"urlTemplate\":\"https:\/\/gilbertocampelo.com.br\/colegio\/?s={search_term_string}\"},\"query-input\":\"required name=search_term_string\"}],\"inLanguage\":\"pt-BR\"},{\"@type\":\"Organization\",\"@id\":\"https:\/\/gilbertocampelo.com.br\/colegio\/#organization\",\"name\":\"Col\u00e9gio Gilberto Campelo\",\"url\":\"https:\/\/gilbertocampelo.com.br\/colegio\/\",\"logo\":{\"@type\":\"ImageObject\",\"inLanguage\":\"pt-BR\",\"@id\":\"https:\/\/gilbertocampelo.com.br\/colegio\/#\/schema\/logo\/image\/\",\"url\":\"https:\/\/gilbertocampelo.com.br\/colegio\/wp-content\/uploads\/2020\/02\/logo-gc-quadrada-amarela.png\",\"contentUrl\":\"https:\/\/gilbertocampelo.com.br\/colegio\/wp-content\/uploads\/2020\/02\/logo-gc-quadrada-amarela.png\",\"width\":1126,\"height\":1126,\"caption\":\"Col\u00e9gio Gilberto Campelo\"},\"image\":{\"@id\":\"https:\/\/gilbertocampelo.com.br\/colegio\/#\/schema\/logo\/image\/\"}}]}<\/script>\n<!-- \/ Yoast SEO plugin. -->","yoast_head_json":{"title":"Ambiente Virtual de Aprendizagem - AVA - Col\u00e9gio Gilberto Campelo","robots":{"index":"index","follow":"follow","max-snippet":"max-snippet:-1","max-image-preview":"max-image-preview:large","max-video-preview":"max-video-preview:-1"},"canonical":"https:\/\/gilbertocampelo.com.br\/colegio\/ava\/","og_locale":"pt_BR","og_type":"article","og_title":"Ambiente Virtual de Aprendizagem - AVA - Col\u00e9gio Gilberto Campelo","og_description":"Acesso para Professores Acesso para alunos Para assistir aula em seu smartphone \u00e9 necess\u00e1rio o app Hangouts Meet. Dispon\u00edvel para download nos links abaixo. App Store (Iphone e Ipad) Google Play Store (Smartphones\/Tablets Android)","og_url":"https:\/\/gilbertocampelo.com.br\/colegio\/ava\/","og_site_name":"Col\u00e9gio Gilberto Campelo","article_modified_time":"2020-06-08T01:18:04+00:00","twitter_card":"summary_large_image","schema":{"@context":"https:\/\/schema.org","@graph":[{"@type":"WebPage","@id":"https:\/\/gilbertocampelo.com.br\/colegio\/ava\/","url":"https:\/\/gilbertocampelo.com.br\/colegio\/ava\/","name":"Ambiente Virtual de Aprendizagem - AVA - Col\u00e9gio Gilberto Campelo","isPartOf":{"@id":"https:\/\/gilbertocampelo.com.br\/colegio\/#website"},"datePublished":"2020-06-08T01:09:29+00:00","dateModified":"2020-06-08T01:18:04+00:00","breadcrumb":{"@id":"https:\/\/gilbertocampelo.com.br\/colegio\/ava\/#breadcrumb"},"inLanguage":"pt-BR","potentialAction":[{"@type":"ReadAction","target":["https:\/\/gilbertocampelo.com.br\/colegio\/ava\/"]}]},{"@type":"BreadcrumbList","@id":"https:\/\/gilbertocampelo.com.br\/colegio\/ava\/#breadcrumb","itemListElement":[{"@type":"ListItem","position":1,"name":"In\u00edcio","item":"https:\/\/gilbertocampelo.com.br\/colegio\/"},{"@type":"ListItem","position":2,"name":"Ambiente Virtual de Aprendizagem &#8211; AVA"}]},{"@type":"WebSite","@id":"https:\/\/gilbertocampelo.com.br\/colegio\/#website","url":"https:\/\/gilbertocampelo.com.br\/colegio\/","name":"Col\u00e9gio Gilberto Campelo","description":"Ensino Fundamental, M\u00e9dio e Pr\u00e9-Enem","publisher":{"@id":"https:\/\/gilbertocampelo.com.br\/colegio\/#organization"},"potentialAction":[{"@type":"SearchAction","target":{"@type":"EntryPoint","urlTemplate":"https:\/\/gilbertocampelo.com.br\/colegio\/?s={search_term_string}"},"query-input":"required name=search_term_string"}],"inLanguage":"pt-BR"},{"@type":"Organization","@id":"https:\/\/gilbertocampelo.com.br\/colegio\/#organization","name":"Col\u00e9gio Gilberto Campelo","url":"https:\/\/gilbertocampelo.com.br\/colegio\/","logo":{"@type":"ImageObject","inLanguage":"pt-BR","@id":"https:\/\/gilbertocampelo.com.br\/colegio\/#\/schema\/logo\/image\/","url":"https:\/\/gilbertocampelo.com.br\/colegio\/wp-content\/uploads\/2020\/02\/logo-gc-quadrada-amarela.png","contentUrl":"https:\/\/gilbertocampelo.com.br\/colegio\/wp-content\/uploads\/2020\/02\/logo-gc-quadrada-amarela.png","width":1126,"height":1126,"caption":"Col\u00e9gio Gilberto Campelo"},"image":{"@id":"https:\/\/gilbertocampelo.com.br\/colegio\/#\/schema\/logo\/image\/"}}]}},"_links":{"self":[{"href":"https:\/\/gilbertocampelo.com.br\/colegio\/wp-json\/wp\/v2\/pages\/1173"}],"collection":[{"href":"https:\/\/gilbertocampelo.com.br\/colegio\/wp-json\/wp\/v2\/pages"}],"about":[{"href":"https:\/\/gilbertocampelo.com.br\/colegio\/wp-json\/wp\/v2\/types\/page"}],"author":[{"embeddable":true,"href":"https:\/\/gilbertocampelo.com.br\/colegio\/wp-json\/wp\/v2\/users\/1"}],"replies":[{"embeddable":true,"href":"https:\/\/gilbertocampelo.com.br\/colegio\/wp-json\/wp\/v2\/comments?post=1173"}],"version-history":[{"count":4,"href":"https:\/\/gilbertocampelo.com.br\/colegio\/wp-json\/wp\/v2\/pages\/1173\/revisions"}],"predecessor-version":[{"id":1182,"href":"https:\/\/gilbertocampelo.com.br\/colegio\/wp-json\/wp\/v2\/pages\/1173\/revisions\/1182"}],"wp:attachment":[{"href":"https:\/\/gilbertocampelo.com.br\/colegio\/wp-json\/wp\/v2\/media?parent=1173"}],"curies":[{"name":"wp","href":"https:\/\/api.w.org\/{rel}","templated":true}]}}